{"id":104,"date":"2017-10-20T12:13:46","date_gmt":"2017-10-20T12:13:46","guid":{"rendered":"https:\/\/raider-spirit-paintball.themerex.net\/?page_id=104"},"modified":"2025-10-06T17:07:33","modified_gmt":"2025-10-06T16:07:33","slug":"faq","status":"publish","type":"page","link":"https:\/\/laserarenamlyn.eu\/en\/faq\/","title":{"rendered":"Faq"},"content":{"rendered":"<div data-elementor-type=\"wp-page\" data-elementor-id=\"104\" class=\"elementor elementor-104\">\n\t\t\t\t\t\t<section class=\"elementor-section elementor-top-section elementor-element elementor-element-445f5199 elementor-section-full_width elementor-section-height-default elementor-section-height-default\" data-id=\"445f5199\" data-element_type=\"section\" data-e-type=\"section\">\n\t\t\t\t\t\t<div class=\"elementor-container elementor-column-gap-default\">\n\t\t\t\t\t<div class=\"elementor-column elementor-col-100 elementor-top-column elementor-element elementor-element-48c4af46\" data-id=\"48c4af46\" data-element_type=\"column\" data-e-type=\"column\">\n\t\t\t<div class=\"elementor-widget-wrap elementor-element-populated\">\n\t\t\t\t\t\t<div class=\"elementor-element elementor-element-9e189bc elementor-widget elementor-widget-spacer\" data-id=\"9e189bc\" data-element_type=\"widget\" data-e-type=\"widget\" data-widget_type=\"spacer.default\">\n\t\t\t\t<div class=\"elementor-widget-container\">\n\t\t\t\t\t\t\t<div class=\"elementor-spacer\">\n\t\t\t<div class=\"elementor-spacer-inner\"><\/div>\n\t\t<\/div>\n\t\t\t\t\t\t<\/div>\n\t\t\t\t<\/div>\n\t\t\t\t<div class=\"elementor-element elementor-element-fc01c4c elementor-widget elementor-widget-heading\" data-id=\"fc01c4c\" data-element_type=\"widget\" data-e-type=\"widget\" data-widget_type=\"heading.default\">\n\t\t\t\t<div class=\"elementor-widget-container\">\n\t\t\t\t\t<h2 class=\"elementor-heading-title elementor-size-default\">Nej\u010dast\u011bj\u0161\u00ed dotazy<\/h2>\t\t\t\t<\/div>\n\t\t\t\t<\/div>\n\t\t\t\t<div class=\"elementor-element elementor-element-4eb83d2 elementor-widget elementor-widget-text-editor\" data-id=\"4eb83d2\" data-element_type=\"widget\" data-e-type=\"widget\" data-widget_type=\"text-editor.default\">\n\t\t\t\t<div class=\"elementor-widget-container\">\n\t\t\t\t\t\t\t\t\t<p><span style=\"color: #000000;\">Zde v\u00e1m odpov\u00edd\u00e1me na va\u0161e nej\u010dast\u011bj\u0161\u00ed dotazy.<\/span><\/p>\t\t\t\t\t\t\t\t<\/div>\n\t\t\t\t<\/div>\n\t\t\t\t<div class=\"elementor-element elementor-element-4206b70 elementor-widget elementor-widget-accordion\" data-id=\"4206b70\" data-element_type=\"widget\" data-e-type=\"widget\" data-widget_type=\"accordion.default\">\n\t\t\t\t<div class=\"elementor-widget-container\">\n\t\t\t\t\t\t\t<div class=\"elementor-accordion\">\n\t\t\t\t\t\t\t<div class=\"elementor-accordion-item\">\n\t\t\t\t\t<div id=\"elementor-tab-title-6921\" class=\"elementor-tab-title\" data-tab=\"1\" role=\"button\" aria-controls=\"elementor-tab-content-6921\" aria-expanded=\"false\">\n\t\t\t\t\t\t\t\t\t\t\t\t\t<span class=\"elementor-accordion-icon elementor-accordion-icon-left\" aria-hidden=\"true\">\n\t\t\t\t\t\t\t\t\t\t\t\t\t\t\t<span class=\"elementor-accordion-icon-closed\"><i class=\"fas fa-plus\"><\/i><\/span>\n\t\t\t\t\t\t\t\t<span class=\"elementor-accordion-icon-opened\"><i class=\"far fa-window-close\"><\/i><\/span>\n\t\t\t\t\t\t\t\t\t\t\t\t\t\t<\/span>\n\t\t\t\t\t\t\t\t\t\t\t\t<a class=\"elementor-accordion-title\" tabindex=\"0\">M\u016f\u017eu hr\u00e1t s cizimi hr\u00e1\u010di?<\/a>\n\t\t\t\t\t<\/div>\n\t\t\t\t\t<div id=\"elementor-tab-content-6921\" class=\"elementor-tab-content elementor-clearfix\" data-tab=\"1\" role=\"region\" aria-labelledby=\"elementor-tab-title-6921\"><p><span style=\"font-size: 18;\">Ano, m\u016f\u017eete si rezerovat otev\u0159enou hru, kdy se k V\u00e1m m\u016f\u017eou dorezervovat ostatn\u00ed ciz\u00ed hr\u00e1\u010di \u2013 rezervujete si p\u0159esn\u00fd po\u010der hr\u00e1\u010d\u016f (maxim\u00e1ln\u00ed kapacita je 16)<\/span><\/p><\/div>\n\t\t\t\t<\/div>\n\t\t\t\t\t\t\t<div class=\"elementor-accordion-item\">\n\t\t\t\t\t<div id=\"elementor-tab-title-6922\" class=\"elementor-tab-title\" data-tab=\"2\" role=\"button\" aria-controls=\"elementor-tab-content-6922\" aria-expanded=\"false\">\n\t\t\t\t\t\t\t\t\t\t\t\t\t<span class=\"elementor-accordion-icon elementor-accordion-icon-left\" aria-hidden=\"true\">\n\t\t\t\t\t\t\t\t\t\t\t\t\t\t\t<span class=\"elementor-accordion-icon-closed\"><i class=\"fas fa-plus\"><\/i><\/span>\n\t\t\t\t\t\t\t\t<span class=\"elementor-accordion-icon-opened\"><i class=\"far fa-window-close\"><\/i><\/span>\n\t\t\t\t\t\t\t\t\t\t\t\t\t\t<\/span>\n\t\t\t\t\t\t\t\t\t\t\t\t<a class=\"elementor-accordion-title\" tabindex=\"0\">Je mo\u017en\u00e9 u V\u00e1s uspo\u0159\u00e1dat narozeninovou oslavu\/team building?<\/a>\n\t\t\t\t\t<\/div>\n\t\t\t\t\t<div id=\"elementor-tab-content-6922\" class=\"elementor-tab-content elementor-clearfix\" data-tab=\"2\" role=\"region\" aria-labelledby=\"elementor-tab-title-6922\"><p><span style=\"font-size: 18;\">Ano, je to mo\u017en\u00e9.\u00a0<\/span><span style=\"font-size: 18;\"><a href=\"https:\/\/laserarenamlyn.eu\/oslavy-narozenin\/\">Narozeninov\u00e9<\/a><\/span><span style=\"font-size: 18;\"><a href=\"https:\/\/laserarenamlyn.eu\/oslavy-narozenin\/\"> oslavy<\/a><\/span>, <span style=\"font-size: 18;\"><a href=\"https:\/\/laserarenamlyn.eu\/firemni-akce\/\">Firemn\u00ed teambuilding<\/a><\/span><\/p><\/div>\n\t\t\t\t<\/div>\n\t\t\t\t\t\t\t<div class=\"elementor-accordion-item\">\n\t\t\t\t\t<div id=\"elementor-tab-title-6923\" class=\"elementor-tab-title\" data-tab=\"3\" role=\"button\" aria-controls=\"elementor-tab-content-6923\" aria-expanded=\"false\">\n\t\t\t\t\t\t\t\t\t\t\t\t\t<span class=\"elementor-accordion-icon elementor-accordion-icon-left\" aria-hidden=\"true\">\n\t\t\t\t\t\t\t\t\t\t\t\t\t\t\t<span class=\"elementor-accordion-icon-closed\"><i class=\"fas fa-plus\"><\/i><\/span>\n\t\t\t\t\t\t\t\t<span class=\"elementor-accordion-icon-opened\"><i class=\"far fa-window-close\"><\/i><\/span>\n\t\t\t\t\t\t\t\t\t\t\t\t\t\t<\/span>\n\t\t\t\t\t\t\t\t\t\t\t\t<a class=\"elementor-accordion-title\" tabindex=\"0\">Od kolika let je hra vhodn\u00e1?<\/a>\n\t\t\t\t\t<\/div>\n\t\t\t\t\t<div id=\"elementor-tab-content-6923\" class=\"elementor-tab-content elementor-clearfix\" data-tab=\"3\" role=\"region\" aria-labelledby=\"elementor-tab-title-6923\"><p>Nez\u00e1le\u017e\u00ed tolik na v\u011bku, jako na velikosti d\u00edt\u011bte a aby se d\u00edt\u011b neb\u00e1lo tmav\u0161\u00edho hern\u00edho prost\u0159ed\u00ed. D\u011bti hru zvl\u00e1daj\u00ed cca od 6let. Pokud si nejste jist\u00ed, m\u016f\u017eete si vestu p\u0159ij\u00edt kdykoliv vyzkou\u0161et.<\/p><\/div>\n\t\t\t\t<\/div>\n\t\t\t\t\t\t\t<div class=\"elementor-accordion-item\">\n\t\t\t\t\t<div id=\"elementor-tab-title-6924\" class=\"elementor-tab-title\" data-tab=\"4\" role=\"button\" aria-controls=\"elementor-tab-content-6924\" aria-expanded=\"false\">\n\t\t\t\t\t\t\t\t\t\t\t\t\t<span class=\"elementor-accordion-icon elementor-accordion-icon-left\" aria-hidden=\"true\">\n\t\t\t\t\t\t\t\t\t\t\t\t\t\t\t<span class=\"elementor-accordion-icon-closed\"><i class=\"fas fa-plus\"><\/i><\/span>\n\t\t\t\t\t\t\t\t<span class=\"elementor-accordion-icon-opened\"><i class=\"far fa-window-close\"><\/i><\/span>\n\t\t\t\t\t\t\t\t\t\t\t\t\t\t<\/span>\n\t\t\t\t\t\t\t\t\t\t\t\t<a class=\"elementor-accordion-title\" tabindex=\"0\">Kolik je minim\u00e1ln\u00ed po\u010det hr\u00e1\u010d\u016f?<\/a>\n\t\t\t\t\t<\/div>\n\t\t\t\t\t<div id=\"elementor-tab-content-6924\" class=\"elementor-tab-content elementor-clearfix\" data-tab=\"4\" role=\"region\" aria-labelledby=\"elementor-tab-title-6924\"><p>Abychom hru mohli spustit mus\u00edte b\u00fdt alespo\u0148 2, ale aby hra byla z\u00e1bavn\u00e1 doporu\u010dujeme minim\u00e1ln\u011b 4-6 hr\u00e1\u010du. Nejv\u00edce z\u00e1bavy si u\u017eijete v pln\u00e9m po\u010dtu 16 hr\u00e1\u010d\u016f.<\/p><\/div>\n\t\t\t\t<\/div>\n\t\t\t\t\t\t\t<div class=\"elementor-accordion-item\">\n\t\t\t\t\t<div id=\"elementor-tab-title-6925\" class=\"elementor-tab-title\" data-tab=\"5\" role=\"button\" aria-controls=\"elementor-tab-content-6925\" aria-expanded=\"false\">\n\t\t\t\t\t\t\t\t\t\t\t\t\t<span class=\"elementor-accordion-icon elementor-accordion-icon-left\" aria-hidden=\"true\">\n\t\t\t\t\t\t\t\t\t\t\t\t\t\t\t<span class=\"elementor-accordion-icon-closed\"><i class=\"fas fa-plus\"><\/i><\/span>\n\t\t\t\t\t\t\t\t<span class=\"elementor-accordion-icon-opened\"><i class=\"far fa-window-close\"><\/i><\/span>\n\t\t\t\t\t\t\t\t\t\t\t\t\t\t<\/span>\n\t\t\t\t\t\t\t\t\t\t\t\t<a class=\"elementor-accordion-title\" tabindex=\"0\">Kolik je maxim\u00e1ln\u00ed po\u010det hr\u00e1\u010d\u016f?<\/a>\n\t\t\t\t\t<\/div>\n\t\t\t\t\t<div id=\"elementor-tab-content-6925\" class=\"elementor-tab-content elementor-clearfix\" data-tab=\"5\" role=\"region\" aria-labelledby=\"elementor-tab-title-6925\"><p>Maxim\u00e1ln\u00ed po\u010det v jedn\u00e9 h\u0159e je 16 hr\u00e1\u010du. Pokud jste v\u011bt\u0161\u00ed skupinka, r\u00e1di V\u00e1m pom\u016f\u017eeme vymyslet a uspo\u0159\u00e1dat turnaj.<\/p><\/div>\n\t\t\t\t<\/div>\n\t\t\t\t\t\t\t<div class=\"elementor-accordion-item\">\n\t\t\t\t\t<div id=\"elementor-tab-title-6926\" class=\"elementor-tab-title\" data-tab=\"6\" role=\"button\" aria-controls=\"elementor-tab-content-6926\" aria-expanded=\"false\">\n\t\t\t\t\t\t\t\t\t\t\t\t\t<span class=\"elementor-accordion-icon elementor-accordion-icon-left\" aria-hidden=\"true\">\n\t\t\t\t\t\t\t\t\t\t\t\t\t\t\t<span class=\"elementor-accordion-icon-closed\"><i class=\"fas fa-plus\"><\/i><\/span>\n\t\t\t\t\t\t\t\t<span class=\"elementor-accordion-icon-opened\"><i class=\"far fa-window-close\"><\/i><\/span>\n\t\t\t\t\t\t\t\t\t\t\t\t\t\t<\/span>\n\t\t\t\t\t\t\t\t\t\t\t\t<a class=\"elementor-accordion-title\" tabindex=\"0\">M\u016f\u017ee laser ubl\u00ed\u017eit?<\/a>\n\t\t\t\t\t<\/div>\n\t\t\t\t\t<div id=\"elementor-tab-content-6926\" class=\"elementor-tab-content elementor-clearfix\" data-tab=\"6\" role=\"region\" aria-labelledby=\"elementor-tab-title-6926\"><p>Pou\u017e\u00edv\u00e1me profesion\u00e1ln\u00ed vybaven\u00ed, kter\u00e9 je certifikovan\u00e9 a pro\u0161lo p\u0159\u00edsn\u00fdmi bezpo\u010dnostn\u00edmi po\u017eadavky evropsk\u00e9 unie. Paprsek je o n\u00edzk\u00e9 frekvenci a kr\u00e1tk\u00e9m intervalu, tak\u017ee ani p\u0159\u00edm\u00fd z\u00e1sah do oka mu neub\u00ed\u017e\u00ed.<br \/>Proto ochrann\u00e9 br\u00fdle nejsou pot\u0159eba.<\/p><\/div>\n\t\t\t\t<\/div>\n\t\t\t\t\t\t\t<div class=\"elementor-accordion-item\">\n\t\t\t\t\t<div id=\"elementor-tab-title-6927\" class=\"elementor-tab-title\" data-tab=\"7\" role=\"button\" aria-controls=\"elementor-tab-content-6927\" aria-expanded=\"false\">\n\t\t\t\t\t\t\t\t\t\t\t\t\t<span class=\"elementor-accordion-icon elementor-accordion-icon-left\" aria-hidden=\"true\">\n\t\t\t\t\t\t\t\t\t\t\t\t\t\t\t<span class=\"elementor-accordion-icon-closed\"><i class=\"fas fa-plus\"><\/i><\/span>\n\t\t\t\t\t\t\t\t<span class=\"elementor-accordion-icon-opened\"><i class=\"far fa-window-close\"><\/i><\/span>\n\t\t\t\t\t\t\t\t\t\t\t\t\t\t<\/span>\n\t\t\t\t\t\t\t\t\t\t\t\t<a class=\"elementor-accordion-title\" tabindex=\"0\">Je mo\u017en\u00e9 u V\u00e1s uspo\u0159\u00e1dat narozeninovou oslavu\/team building?<\/a>\n\t\t\t\t\t<\/div>\n\t\t\t\t\t<div id=\"elementor-tab-content-6927\" class=\"elementor-tab-content elementor-clearfix\" data-tab=\"7\" role=\"region\" aria-labelledby=\"elementor-tab-title-6927\"><p>R\u00e1di V\u00e1m uspo\u0159\u00e1d\u00e1me Va\u0161i \u201ep\u00e1rty\u201c podle Va\u0161ich p\u0159edstav. Narozeninov\u00e9 oslavy, rozlu\u010dky se svobodou i team building jsou v Laser Aren\u011b \u010d\u00e1sto vyhled\u00e1van\u00e9 a obl\u00edben\u00e9.<\/p><\/div>\n\t\t\t\t<\/div>\n\t\t\t\t\t\t\t\t<\/div>\n\t\t\t\t\t\t<\/div>\n\t\t\t\t<\/div>\n\t\t\t\t\t<\/div>\n\t\t<\/div>\n\t\t\t\t\t<\/div>\n\t\t<\/section>\n\t\t\t\t<section class=\"elementor-section elementor-top-section elementor-element elementor-element-42c778c elementor-section-boxed elementor-section-height-default elementor-section-height-default\" data-id=\"42c778c\" data-element_type=\"section\" data-e-type=\"section\">\n\t\t\t\t\t\t<div class=\"elementor-container elementor-column-gap-default\">\n\t\t\t\t\t<div class=\"elementor-column elementor-col-100 elementor-top-column elementor-element elementor-element-877d9cf\" data-id=\"877d9cf\" data-element_type=\"column\" data-e-type=\"column\">\n\t\t\t<div class=\"elementor-widget-wrap elementor-element-populated\">\n\t\t\t\t\t\t<div class=\"elementor-element elementor-element-1819f65 elementor-widget elementor-widget-spacer\" data-id=\"1819f65\" data-element_type=\"widget\" data-e-type=\"widget\" data-widget_type=\"spacer.default\">\n\t\t\t\t<div class=\"elementor-widget-container\">\n\t\t\t\t\t\t\t<div class=\"elementor-spacer\">\n\t\t\t<div class=\"elementor-spacer-inner\"><\/div>\n\t\t<\/div>\n\t\t\t\t\t\t<\/div>\n\t\t\t\t<\/div>\n\t\t\t\t\t<\/div>\n\t\t<\/div>\n\t\t\t\t\t<\/div>\n\t\t<\/section>\n\t\t\t\t<\/div>","protected":false},"excerpt":{"rendered":"<p>Nej\u010dast\u011bj\u0161\u00ed dotazy Zde v\u00e1m odpov\u00edd\u00e1me na va\u0161e nej\u010dast\u011bj\u0161\u00ed dotazy. M\u016f\u017eu hr\u00e1t s cizimi hr\u00e1\u010di? Ano, m\u016f\u017eete si rezerovat otev\u0159enou hru, kdy se k V\u00e1m m\u016f\u017eou dorezervovat ostatn\u00ed ciz\u00ed hr\u00e1\u010di \u2013 rezervujete si p\u0159esn\u00fd po\u010der hr\u00e1\u010d\u016f (maxim\u00e1ln\u00ed kapacita je 16) Je mo\u017en\u00e9 u V\u00e1s uspo\u0159\u00e1dat narozeninovou oslavu\/team building? Ano, je to mo\u017en\u00e9.\u00a0Narozeninov\u00e9 oslavy, Firemn\u00ed teambuilding Od kolika let je hra vhodn\u00e1?&hellip;<\/p>","protected":false},"author":1,"featured_media":0,"parent":0,"menu_order":0,"comment_status":"closed","ping_status":"closed","template":"","meta":{"footnotes":"","_links_to":"","_links_to_target":""},"class_list":["post-104","page","type-page","status-publish","hentry"],"yoast_head":"<!-- This site is optimized with the Yoast SEO Premium plugin v20.11 (Yoast SEO v27.0) - https:\/\/yoast.com\/product\/yoast-seo-premium-wordpress\/ -->\n<title>Laser Game Ar\u00e9na P\u0159erov - Faq<\/title>\n<meta name=\"description\" content=\"Dvoupatrov\u00e1 Laser Game Ar\u00e9na, Virtu\u00e1ln\u00ed realita, narozeninov\u00e9 oslavy, d\u011btstk\u00fd koutek, firemn\u00ed teambuilding, rozlu\u010dky se svobodou, V\u00e1no\u010dn\u00ed ve\u010d\u00edrky, \u0161koln\u00ed akce.\" \/>\n<meta name=\"robots\" content=\"index, follow, max-snippet:-1, max-image-preview:large, max-video-preview:-1\" \/>\n<link rel=\"canonical\" href=\"https:\/\/laserarenamlyn.eu\/en\/faq\/\" \/>\n<meta property=\"og:locale\" content=\"en_GB\" \/>\n<meta property=\"og:type\" content=\"article\" \/>\n<meta property=\"og:title\" content=\"Laser Game Ar\u00e9na P\u0159erov\" \/>\n<meta property=\"og:description\" content=\"Dvoupatrov\u00e1 Laser Game Ar\u00e9na, Virtu\u00e1ln\u00ed realita, narozeninov\u00e9 oslavy, d\u011btstk\u00fd koutek, firemn\u00ed teambuilding, rozlu\u010dky se svobodou, V\u00e1no\u010dn\u00ed ve\u010d\u00edrky, \u0161koln\u00ed akce.\" \/>\n<meta property=\"og:url\" content=\"https:\/\/laserarenamlyn.eu\/en\/faq\/\" \/>\n<meta property=\"og:site_name\" content=\"Laser Game Ar\u00e9na P\u0159erov\" \/>\n<meta property=\"article:modified_time\" content=\"2025-10-06T16:07:33+00:00\" \/>\n<meta property=\"og:image\" content=\"http:\/\/laserarenamlyn.eu\/wp-content\/uploads\/2023\/05\/A5-3.jpg\" \/>\n\t<meta property=\"og:image:width\" content=\"2500\" \/>\n\t<meta property=\"og:image:height\" content=\"1670\" \/>\n\t<meta property=\"og:image:type\" content=\"image\/jpeg\" \/>\n<meta name=\"twitter:card\" content=\"summary_large_image\" \/>\n<meta name=\"twitter:title\" content=\"Faq\" \/>\n<meta name=\"twitter:label1\" content=\"Estimated reading time\" \/>\n\t<meta name=\"twitter:data1\" content=\"2 minutes\" \/>\n<script type=\"application\/ld+json\" class=\"yoast-schema-graph\">{\"@context\":\"https:\/\/schema.org\",\"@graph\":[{\"@type\":\"WebPage\",\"@id\":\"https:\/\/laserarenamlyn.eu\/faq\/\",\"url\":\"https:\/\/laserarenamlyn.eu\/faq\/\",\"name\":\"Laser Game Ar\u00e9na P\u0159erov - Faq\",\"isPartOf\":{\"@id\":\"https:\/\/laserarenamlyn.eu\/#website\"},\"datePublished\":\"2017-10-20T12:13:46+00:00\",\"dateModified\":\"2025-10-06T16:07:33+00:00\",\"description\":\"Dvoupatrov\u00e1 Laser Game Ar\u00e9na, Virtu\u00e1ln\u00ed realita, narozeninov\u00e9 oslavy, d\u011btstk\u00fd koutek, firemn\u00ed teambuilding, rozlu\u010dky se svobodou, V\u00e1no\u010dn\u00ed ve\u010d\u00edrky, \u0161koln\u00ed akce.\",\"breadcrumb\":{\"@id\":\"https:\/\/laserarenamlyn.eu\/faq\/#breadcrumb\"},\"inLanguage\":\"en-GB\",\"potentialAction\":[{\"@type\":\"ReadAction\",\"target\":[\"https:\/\/laserarenamlyn.eu\/faq\/\"]}]},{\"@type\":\"BreadcrumbList\",\"@id\":\"https:\/\/laserarenamlyn.eu\/faq\/#breadcrumb\",\"itemListElement\":[{\"@type\":\"ListItem\",\"position\":1,\"name\":\"Dom\u016f\",\"item\":\"https:\/\/laserarenamlyn.eu\/\"},{\"@type\":\"ListItem\",\"position\":2,\"name\":\"Faq\"}]},{\"@type\":\"WebSite\",\"@id\":\"https:\/\/laserarenamlyn.eu\/#website\",\"url\":\"https:\/\/laserarenamlyn.eu\/\",\"name\":\"Laser Game Ar\u00e9na P\u0159erov\",\"description\":\"Dvoupatrov\u00e1 Laser Game Ar\u00e9na, Virtu\u00e1ln\u00ed realita, narozeninov\u00e9 oslavy, d\u011btstk\u00fd koutek, firemn\u00ed teambuilding, rozlu\u010dky se svobodou, V\u00e1no\u010dn\u00ed ve\u010d\u00edrky, \u0161koln\u00ed akce.\",\"publisher\":{\"@id\":\"https:\/\/laserarenamlyn.eu\/#organization\"},\"potentialAction\":[{\"@type\":\"SearchAction\",\"target\":{\"@type\":\"EntryPoint\",\"urlTemplate\":\"https:\/\/laserarenamlyn.eu\/?s={search_term_string}\"},\"query-input\":{\"@type\":\"PropertyValueSpecification\",\"valueRequired\":true,\"valueName\":\"search_term_string\"}}],\"inLanguage\":\"en-GB\"},{\"@type\":\"Organization\",\"@id\":\"https:\/\/laserarenamlyn.eu\/#organization\",\"name\":\"Laser Game Ar\u00e9na P\u0159erov\",\"url\":\"https:\/\/laserarenamlyn.eu\/\",\"logo\":{\"@type\":\"ImageObject\",\"inLanguage\":\"en-GB\",\"@id\":\"https:\/\/laserarenamlyn.eu\/#\/schema\/logo\/image\/\",\"url\":\"https:\/\/laserarenamlyn.eu\/wp-content\/uploads\/2023\/02\/logo-kopie-1.png\",\"contentUrl\":\"https:\/\/laserarenamlyn.eu\/wp-content\/uploads\/2023\/02\/logo-kopie-1.png\",\"width\":250,\"height\":236,\"caption\":\"Laser Game Ar\u00e9na P\u0159erov\"},\"image\":{\"@id\":\"https:\/\/laserarenamlyn.eu\/#\/schema\/logo\/image\/\"}}]}<\/script>\n<!-- \/ Yoast SEO Premium plugin. -->","yoast_head_json":{"title":"Laser Game Ar\u00e9na P\u0159erov - Faq","description":"Dvoupatrov\u00e1 Laser Game Ar\u00e9na, Virtu\u00e1ln\u00ed realita, narozeninov\u00e9 oslavy, d\u011btstk\u00fd koutek, firemn\u00ed teambuilding, rozlu\u010dky se svobodou, V\u00e1no\u010dn\u00ed ve\u010d\u00edrky, \u0161koln\u00ed akce.","robots":{"index":"index","follow":"follow","max-snippet":"max-snippet:-1","max-image-preview":"max-image-preview:large","max-video-preview":"max-video-preview:-1"},"canonical":"https:\/\/laserarenamlyn.eu\/en\/faq\/","og_locale":"en_GB","og_type":"article","og_title":"Laser Game Ar\u00e9na P\u0159erov","og_description":"Dvoupatrov\u00e1 Laser Game Ar\u00e9na, Virtu\u00e1ln\u00ed realita, narozeninov\u00e9 oslavy, d\u011btstk\u00fd koutek, firemn\u00ed teambuilding, rozlu\u010dky se svobodou, V\u00e1no\u010dn\u00ed ve\u010d\u00edrky, \u0161koln\u00ed akce.","og_url":"https:\/\/laserarenamlyn.eu\/en\/faq\/","og_site_name":"Laser Game Ar\u00e9na P\u0159erov","article_modified_time":"2025-10-06T16:07:33+00:00","og_image":[{"width":2500,"height":1670,"url":"http:\/\/laserarenamlyn.eu\/wp-content\/uploads\/2023\/05\/A5-3.jpg","type":"image\/jpeg"}],"twitter_card":"summary_large_image","twitter_title":"Faq","twitter_misc":{"Estimated reading time":"2 minutes"},"schema":{"@context":"https:\/\/schema.org","@graph":[{"@type":"WebPage","@id":"https:\/\/laserarenamlyn.eu\/faq\/","url":"https:\/\/laserarenamlyn.eu\/faq\/","name":"Laser Game Ar\u00e9na P\u0159erov - Faq","isPartOf":{"@id":"https:\/\/laserarenamlyn.eu\/#website"},"datePublished":"2017-10-20T12:13:46+00:00","dateModified":"2025-10-06T16:07:33+00:00","description":"Dvoupatrov\u00e1 Laser Game Ar\u00e9na, Virtu\u00e1ln\u00ed realita, narozeninov\u00e9 oslavy, d\u011btstk\u00fd koutek, firemn\u00ed teambuilding, rozlu\u010dky se svobodou, V\u00e1no\u010dn\u00ed ve\u010d\u00edrky, \u0161koln\u00ed akce.","breadcrumb":{"@id":"https:\/\/laserarenamlyn.eu\/faq\/#breadcrumb"},"inLanguage":"en-GB","potentialAction":[{"@type":"ReadAction","target":["https:\/\/laserarenamlyn.eu\/faq\/"]}]},{"@type":"BreadcrumbList","@id":"https:\/\/laserarenamlyn.eu\/faq\/#breadcrumb","itemListElement":[{"@type":"ListItem","position":1,"name":"Dom\u016f","item":"https:\/\/laserarenamlyn.eu\/"},{"@type":"ListItem","position":2,"name":"Faq"}]},{"@type":"WebSite","@id":"https:\/\/laserarenamlyn.eu\/#website","url":"https:\/\/laserarenamlyn.eu\/","name":"Laser Game Ar\u00e9na P\u0159erov","description":"Dvoupatrov\u00e1 Laser Game Ar\u00e9na, Virtu\u00e1ln\u00ed realita, narozeninov\u00e9 oslavy, d\u011btstk\u00fd koutek, firemn\u00ed teambuilding, rozlu\u010dky se svobodou, V\u00e1no\u010dn\u00ed ve\u010d\u00edrky, \u0161koln\u00ed akce.","publisher":{"@id":"https:\/\/laserarenamlyn.eu\/#organization"},"potentialAction":[{"@type":"SearchAction","target":{"@type":"EntryPoint","urlTemplate":"https:\/\/laserarenamlyn.eu\/?s={search_term_string}"},"query-input":{"@type":"PropertyValueSpecification","valueRequired":true,"valueName":"search_term_string"}}],"inLanguage":"en-GB"},{"@type":"Organization","@id":"https:\/\/laserarenamlyn.eu\/#organization","name":"Laser Game Ar\u00e9na P\u0159erov","url":"https:\/\/laserarenamlyn.eu\/","logo":{"@type":"ImageObject","inLanguage":"en-GB","@id":"https:\/\/laserarenamlyn.eu\/#\/schema\/logo\/image\/","url":"https:\/\/laserarenamlyn.eu\/wp-content\/uploads\/2023\/02\/logo-kopie-1.png","contentUrl":"https:\/\/laserarenamlyn.eu\/wp-content\/uploads\/2023\/02\/logo-kopie-1.png","width":250,"height":236,"caption":"Laser Game Ar\u00e9na P\u0159erov"},"image":{"@id":"https:\/\/laserarenamlyn.eu\/#\/schema\/logo\/image\/"}}]}},"_links":{"self":[{"href":"https:\/\/laserarenamlyn.eu\/en\/wp-json\/wp\/v2\/pages\/104","targetHints":{"allow":["GET"]}}],"collection":[{"href":"https:\/\/laserarenamlyn.eu\/en\/wp-json\/wp\/v2\/pages"}],"about":[{"href":"https:\/\/laserarenamlyn.eu\/en\/wp-json\/wp\/v2\/types\/page"}],"author":[{"embeddable":true,"href":"https:\/\/laserarenamlyn.eu\/en\/wp-json\/wp\/v2\/users\/1"}],"replies":[{"embeddable":true,"href":"https:\/\/laserarenamlyn.eu\/en\/wp-json\/wp\/v2\/comments?post=104"}],"version-history":[{"count":127,"href":"https:\/\/laserarenamlyn.eu\/en\/wp-json\/wp\/v2\/pages\/104\/revisions"}],"predecessor-version":[{"id":4355,"href":"https:\/\/laserarenamlyn.eu\/en\/wp-json\/wp\/v2\/pages\/104\/revisions\/4355"}],"wp:attachment":[{"href":"https:\/\/laserarenamlyn.eu\/en\/wp-json\/wp\/v2\/media?parent=104"}],"curies":[{"name":"wp","href":"https:\/\/api.w.org\/{rel}","templated":true}]}}