{"id":2284,"date":"2023-05-06T10:43:48","date_gmt":"2023-05-06T08:43:48","guid":{"rendered":"https:\/\/laserarenamlyn.eu\/?page_id=2284"},"modified":"2025-10-06T20:11:45","modified_gmt":"2025-10-06T19:11:45","slug":"firemni-akce","status":"publish","type":"page","link":"https:\/\/laserarenamlyn.eu\/en\/firemni-akce\/","title":{"rendered":"Firemn\u00ed akce"},"content":{"rendered":"<div data-elementor-type=\"wp-page\" data-elementor-id=\"2284\" class=\"elementor elementor-2284\">\n\t\t\t\t\t\t<section class=\"elementor-section elementor-top-section elementor-element elementor-element-1a0f9f95 elementor-section-boxed elementor-section-height-default elementor-section-height-default\" data-id=\"1a0f9f95\" data-element_type=\"section\" data-e-type=\"section\">\n\t\t\t\t\t\t<div class=\"elementor-container elementor-column-gap-default\">\n\t\t\t\t\t<div class=\"elementor-column elementor-col-100 elementor-top-column elementor-element elementor-element-1b7d2427\" data-id=\"1b7d2427\" data-element_type=\"column\" data-e-type=\"column\">\n\t\t\t<div class=\"elementor-widget-wrap elementor-element-populated\">\n\t\t\t\t\t\t<div class=\"elementor-element elementor-element-048def3 elementor-widget elementor-widget-spacer\" data-id=\"048def3\" data-element_type=\"widget\" data-e-type=\"widget\" data-widget_type=\"spacer.default\">\n\t\t\t\t<div class=\"elementor-widget-container\">\n\t\t\t\t\t\t\t<div class=\"elementor-spacer\">\n\t\t\t<div class=\"elementor-spacer-inner\"><\/div>\n\t\t<\/div>\n\t\t\t\t\t\t<\/div>\n\t\t\t\t<\/div>\n\t\t\t\t<div class=\"elementor-element elementor-element-d514a05 elementor-widget elementor-widget-heading\" data-id=\"d514a05\" data-element_type=\"widget\" data-e-type=\"widget\" data-widget_type=\"heading.default\">\n\t\t\t\t<div class=\"elementor-widget-container\">\n\t\t\t\t\t<h2 class=\"elementor-heading-title elementor-size-default\">FIREMN\u00cd AKCE<\/h2>\t\t\t\t<\/div>\n\t\t\t\t<\/div>\n\t\t\t\t<div class=\"elementor-element elementor-element-7678447 elementor-widget elementor-widget-text-editor\" data-id=\"7678447\" data-element_type=\"widget\" data-e-type=\"widget\" data-widget_type=\"text-editor.default\">\n\t\t\t\t<div class=\"elementor-widget-container\">\n\t\t\t\t\t\t\t\t\t<p><span style=\"color: #000000;\">Ide\u00e1ln\u00ed firemn\u00ed ve\u010d\u00edrek?\u00a0<\/span><span style=\"color: #000000;\">Jedin\u011b u n\u00e1s.<\/span><\/p><p><span style=\"color: #000000;\">Chcete p\u0159ij\u00edt p\u0159ed otv\u00edra\u010dkou, nebo pa\u0159it do noci? U n\u00e1s to nen\u00ed \u017e\u00e1dn\u00fd probl\u00e9m, otev\u00edrac\u00ed dobu v\u00e1m p\u0159izp\u016fsob\u00edme. Ka\u017edou akci \u0159e\u0161\u00edme individu\u00e1n\u011b.<\/span><\/p><p><span style=\"color: #000000;\">U n\u00e1s se zabav\u00ed v\u0161echny v\u011bkov\u00e9 kategorie, star\u0161\u00ed u laser game, virtu\u00e1ln\u00ed reality, nebo stoln\u00edho fotb\u00e1lku a pro ty nejmen\u0161\u00ed m\u00e1me d\u011btsk\u00fd koutek. Posezen\u00ed m\u00e1me pro 50 lid\u00ed.<\/span><\/p><p><span style=\"color: #000000;\">Na baru v\u00e1s \u010dek\u00e1 \u010depovan\u00fd Zubr grand 11\u00b0 , Kofola, Vinea a dal\u0161\u00ed nealkoholick\u00e9 i alkoholick\u00e9 n\u00e1poje.<\/span><br \/><span style=\"color: #000000;\">N\u00e1\u0161 k\u00e1vovar v\u00e1m ud\u011bl\u00e1 chutnou k\u00e1vu, ke kter\u00e9 si m\u016f\u017eete d\u00e1t medov\u00fd dort Marlenka.<\/span><\/p><p><span style=\"color: #000000;\">Pro v\u00edce informac\u00ed n\u00e1s kontaktujte na tel.: <b>702 852 805<\/b>, nebo na email: <b>info@laserarenamlyn.eu<\/b><\/span><\/p><p><span style=\"color: #000000;\">T\u011b\u0161\u00edme se na va\u0161i n\u00e1v\u0161t\u011bvu, team Laser Ar\u00e9na Ml\u00fdn.<\/span><\/p>\t\t\t\t\t\t\t\t<\/div>\n\t\t\t\t<\/div>\n\t\t\t\t<div class=\"elementor-element elementor-element-80ca83e elementor-widget elementor-widget-gallery\" data-id=\"80ca83e\" data-element_type=\"widget\" data-e-type=\"widget\" data-settings=\"{&quot;aspect_ratio&quot;:&quot;16:9&quot;,&quot;gap&quot;:{&quot;unit&quot;:&quot;px&quot;,&quot;size&quot;:7,&quot;sizes&quot;:[]},&quot;columns_mobile&quot;:2,&quot;columns&quot;:3,&quot;lazyload&quot;:&quot;yes&quot;,&quot;gallery_layout&quot;:&quot;grid&quot;,&quot;columns_tablet&quot;:2,&quot;gap_tablet&quot;:{&quot;unit&quot;:&quot;px&quot;,&quot;size&quot;:10,&quot;sizes&quot;:[]},&quot;gap_mobile&quot;:{&quot;unit&quot;:&quot;px&quot;,&quot;size&quot;:10,&quot;sizes&quot;:[]},&quot;link_to&quot;:&quot;file&quot;,&quot;overlay_background&quot;:&quot;yes&quot;,&quot;content_hover_animation&quot;:&quot;fade-in&quot;}\" data-widget_type=\"gallery.default\">\n\t\t\t\t<div class=\"elementor-widget-container\">\n\t\t\t\t\t\t\t<div class=\"elementor-gallery__container\">\n\t\t\t\t\t\t\t<a class=\"e-gallery-item elementor-gallery-item elementor-animated-content\" href=\"https:\/\/laserarenamlyn.eu\/wp-content\/uploads\/2023\/05\/20230517_202754-scaled.jpg\" data-elementor-open-lightbox=\"yes\" data-elementor-lightbox-slideshow=\"all-80ca83e\" data-e-action-hash=\"#elementor-action%3Aaction%3Dlightbox%26settings%3DeyJpZCI6MzY4MCwidXJsIjoiaHR0cHM6XC9cL2xhc2VyYXJlbmFtbHluLmV1XC93cC1jb250ZW50XC91cGxvYWRzXC8yMDIzXC8wNVwvMjAyMzA1MTdfMjAyNzU0LXNjYWxlZC5qcGciLCJzbGlkZXNob3ciOiJhbGwtODBjYTgzZSJ9\">\n\t\t\t\t\t<div class=\"e-gallery-image elementor-gallery-item__image\" data-thumbnail=\"https:\/\/laserarenamlyn.eu\/wp-content\/uploads\/2023\/05\/20230517_202754-1024x768.jpg\" data-width=\"1024\" data-height=\"768\" alt=\"\" ><\/div>\n\t\t\t\t\t\t\t\t\t\t\t<div class=\"elementor-gallery-item__overlay\"><\/div>\n\t\t\t\t\t\t\t\t\t\t\t\t\t\t<\/a>\n\t\t\t\t\t\t\t<a class=\"e-gallery-item elementor-gallery-item elementor-animated-content\" href=\"https:\/\/laserarenamlyn.eu\/wp-content\/uploads\/2023\/05\/20230517_202936-scaled.jpg\" data-elementor-open-lightbox=\"yes\" data-elementor-lightbox-slideshow=\"all-80ca83e\" data-e-action-hash=\"#elementor-action%3Aaction%3Dlightbox%26settings%3DeyJpZCI6MzY4MSwidXJsIjoiaHR0cHM6XC9cL2xhc2VyYXJlbmFtbHluLmV1XC93cC1jb250ZW50XC91cGxvYWRzXC8yMDIzXC8wNVwvMjAyMzA1MTdfMjAyOTM2LXNjYWxlZC5qcGciLCJzbGlkZXNob3ciOiJhbGwtODBjYTgzZSJ9\">\n\t\t\t\t\t<div class=\"e-gallery-image elementor-gallery-item__image\" data-thumbnail=\"https:\/\/laserarenamlyn.eu\/wp-content\/uploads\/2023\/05\/20230517_202936-1024x768.jpg\" data-width=\"1024\" data-height=\"768\" alt=\"\" ><\/div>\n\t\t\t\t\t\t\t\t\t\t\t<div class=\"elementor-gallery-item__overlay\"><\/div>\n\t\t\t\t\t\t\t\t\t\t\t\t\t\t<\/a>\n\t\t\t\t\t\t\t<a class=\"e-gallery-item elementor-gallery-item elementor-animated-content\" href=\"https:\/\/laserarenamlyn.eu\/wp-content\/uploads\/2023\/05\/20230517_202956-scaled.jpg\" data-elementor-open-lightbox=\"yes\" data-elementor-lightbox-slideshow=\"all-80ca83e\" data-e-action-hash=\"#elementor-action%3Aaction%3Dlightbox%26settings%3DeyJpZCI6MzY4MiwidXJsIjoiaHR0cHM6XC9cL2xhc2VyYXJlbmFtbHluLmV1XC93cC1jb250ZW50XC91cGxvYWRzXC8yMDIzXC8wNVwvMjAyMzA1MTdfMjAyOTU2LXNjYWxlZC5qcGciLCJzbGlkZXNob3ciOiJhbGwtODBjYTgzZSJ9\">\n\t\t\t\t\t<div class=\"e-gallery-image elementor-gallery-item__image\" data-thumbnail=\"https:\/\/laserarenamlyn.eu\/wp-content\/uploads\/2023\/05\/20230517_202956-1024x768.jpg\" data-width=\"1024\" data-height=\"768\" alt=\"\" ><\/div>\n\t\t\t\t\t\t\t\t\t\t\t<div class=\"elementor-gallery-item__overlay\"><\/div>\n\t\t\t\t\t\t\t\t\t\t\t\t\t\t<\/a>\n\t\t\t\t\t\t\t<a class=\"e-gallery-item elementor-gallery-item elementor-animated-content\" href=\"https:\/\/laserarenamlyn.eu\/wp-content\/uploads\/2023\/05\/20230517_203126-scaled.jpg\" data-elementor-open-lightbox=\"yes\" data-elementor-lightbox-slideshow=\"all-80ca83e\" data-e-action-hash=\"#elementor-action%3Aaction%3Dlightbox%26settings%3DeyJpZCI6MzY4MywidXJsIjoiaHR0cHM6XC9cL2xhc2VyYXJlbmFtbHluLmV1XC93cC1jb250ZW50XC91cGxvYWRzXC8yMDIzXC8wNVwvMjAyMzA1MTdfMjAzMTI2LXNjYWxlZC5qcGciLCJzbGlkZXNob3ciOiJhbGwtODBjYTgzZSJ9\">\n\t\t\t\t\t<div class=\"e-gallery-image elementor-gallery-item__image\" data-thumbnail=\"https:\/\/laserarenamlyn.eu\/wp-content\/uploads\/2023\/05\/20230517_203126-1024x768.jpg\" data-width=\"1024\" data-height=\"768\" alt=\"\" ><\/div>\n\t\t\t\t\t\t\t\t\t\t\t<div class=\"elementor-gallery-item__overlay\"><\/div>\n\t\t\t\t\t\t\t\t\t\t\t\t\t\t<\/a>\n\t\t\t\t\t\t\t<a class=\"e-gallery-item elementor-gallery-item elementor-animated-content\" href=\"https:\/\/laserarenamlyn.eu\/wp-content\/uploads\/2023\/05\/a2-1.jpg\" data-elementor-open-lightbox=\"yes\" data-elementor-lightbox-slideshow=\"all-80ca83e\" data-e-action-hash=\"#elementor-action%3Aaction%3Dlightbox%26settings%3DeyJpZCI6MzY4NCwidXJsIjoiaHR0cHM6XC9cL2xhc2VyYXJlbmFtbHluLmV1XC93cC1jb250ZW50XC91cGxvYWRzXC8yMDIzXC8wNVwvYTItMS5qcGciLCJzbGlkZXNob3ciOiJhbGwtODBjYTgzZSJ9\">\n\t\t\t\t\t<div class=\"e-gallery-image elementor-gallery-item__image\" data-thumbnail=\"https:\/\/laserarenamlyn.eu\/wp-content\/uploads\/2023\/05\/a2-1-1024x684.jpg\" data-width=\"1024\" data-height=\"684\" alt=\"\" ><\/div>\n\t\t\t\t\t\t\t\t\t\t\t<div class=\"elementor-gallery-item__overlay\"><\/div>\n\t\t\t\t\t\t\t\t\t\t\t\t\t\t<\/a>\n\t\t\t\t\t\t\t<a class=\"e-gallery-item elementor-gallery-item elementor-animated-content\" href=\"https:\/\/laserarenamlyn.eu\/wp-content\/uploads\/2023\/05\/A4-1.jpg\" data-elementor-open-lightbox=\"yes\" data-elementor-lightbox-slideshow=\"all-80ca83e\" data-e-action-hash=\"#elementor-action%3Aaction%3Dlightbox%26settings%3DeyJpZCI6MzY4NSwidXJsIjoiaHR0cHM6XC9cL2xhc2VyYXJlbmFtbHluLmV1XC93cC1jb250ZW50XC91cGxvYWRzXC8yMDIzXC8wNVwvQTQtMS5qcGciLCJzbGlkZXNob3ciOiJhbGwtODBjYTgzZSJ9\">\n\t\t\t\t\t<div class=\"e-gallery-image elementor-gallery-item__image\" data-thumbnail=\"https:\/\/laserarenamlyn.eu\/wp-content\/uploads\/2023\/05\/A4-1.jpg\" data-width=\"960\" data-height=\"540\" alt=\"\" ><\/div>\n\t\t\t\t\t\t\t\t\t\t\t<div class=\"elementor-gallery-item__overlay\"><\/div>\n\t\t\t\t\t\t\t\t\t\t\t\t\t\t<\/a>\n\t\t\t\t\t\t\t<a class=\"e-gallery-item elementor-gallery-item elementor-animated-content\" href=\"https:\/\/laserarenamlyn.eu\/wp-content\/uploads\/2023\/05\/A5-1.jpg\" data-elementor-open-lightbox=\"yes\" data-elementor-lightbox-slideshow=\"all-80ca83e\" data-e-action-hash=\"#elementor-action%3Aaction%3Dlightbox%26settings%3DeyJpZCI6MzY4NiwidXJsIjoiaHR0cHM6XC9cL2xhc2VyYXJlbmFtbHluLmV1XC93cC1jb250ZW50XC91cGxvYWRzXC8yMDIzXC8wNVwvQTUtMS5qcGciLCJzbGlkZXNob3ciOiJhbGwtODBjYTgzZSJ9\">\n\t\t\t\t\t<div class=\"e-gallery-image elementor-gallery-item__image\" data-thumbnail=\"https:\/\/laserarenamlyn.eu\/wp-content\/uploads\/2023\/05\/A5-1-1024x684.jpg\" data-width=\"1024\" data-height=\"684\" alt=\"\" ><\/div>\n\t\t\t\t\t\t\t\t\t\t\t<div class=\"elementor-gallery-item__overlay\"><\/div>\n\t\t\t\t\t\t\t\t\t\t\t\t\t\t<\/a>\n\t\t\t\t\t\t\t<a class=\"e-gallery-item elementor-gallery-item elementor-animated-content\" href=\"https:\/\/laserarenamlyn.eu\/wp-content\/uploads\/2023\/05\/aa-1.jpg\" data-elementor-open-lightbox=\"yes\" data-elementor-lightbox-slideshow=\"all-80ca83e\" data-e-action-hash=\"#elementor-action%3Aaction%3Dlightbox%26settings%3DeyJpZCI6MzY4NywidXJsIjoiaHR0cHM6XC9cL2xhc2VyYXJlbmFtbHluLmV1XC93cC1jb250ZW50XC91cGxvYWRzXC8yMDIzXC8wNVwvYWEtMS5qcGciLCJzbGlkZXNob3ciOiJhbGwtODBjYTgzZSJ9\">\n\t\t\t\t\t<div class=\"e-gallery-image elementor-gallery-item__image\" data-thumbnail=\"https:\/\/laserarenamlyn.eu\/wp-content\/uploads\/2023\/05\/aa-1-1024x684.jpg\" data-width=\"1024\" data-height=\"684\" alt=\"\" ><\/div>\n\t\t\t\t\t\t\t\t\t\t\t<div class=\"elementor-gallery-item__overlay\"><\/div>\n\t\t\t\t\t\t\t\t\t\t\t\t\t\t<\/a>\n\t\t\t\t\t\t\t<a class=\"e-gallery-item elementor-gallery-item elementor-animated-content\" href=\"https:\/\/laserarenamlyn.eu\/wp-content\/uploads\/2023\/05\/aaa-1.jpg\" data-elementor-open-lightbox=\"yes\" data-elementor-lightbox-slideshow=\"all-80ca83e\" data-e-action-hash=\"#elementor-action%3Aaction%3Dlightbox%26settings%3DeyJpZCI6MzY4OCwidXJsIjoiaHR0cHM6XC9cL2xhc2VyYXJlbmFtbHluLmV1XC93cC1jb250ZW50XC91cGxvYWRzXC8yMDIzXC8wNVwvYWFhLTEuanBnIiwic2xpZGVzaG93IjoiYWxsLTgwY2E4M2UifQ%3D%3D\">\n\t\t\t\t\t<div class=\"e-gallery-image elementor-gallery-item__image\" data-thumbnail=\"https:\/\/laserarenamlyn.eu\/wp-content\/uploads\/2023\/05\/aaa-1-1024x684.jpg\" data-width=\"1024\" data-height=\"684\" alt=\"\" ><\/div>\n\t\t\t\t\t\t\t\t\t\t\t<div class=\"elementor-gallery-item__overlay\"><\/div>\n\t\t\t\t\t\t\t\t\t\t\t\t\t\t<\/a>\n\t\t\t\t\t\t\t<a class=\"e-gallery-item elementor-gallery-item elementor-animated-content\" href=\"https:\/\/laserarenamlyn.eu\/wp-content\/uploads\/2023\/05\/Bar2-scaled.jpg\" data-elementor-open-lightbox=\"yes\" data-elementor-lightbox-slideshow=\"all-80ca83e\" data-e-action-hash=\"#elementor-action%3Aaction%3Dlightbox%26settings%3DeyJpZCI6MzY4OSwidXJsIjoiaHR0cHM6XC9cL2xhc2VyYXJlbmFtbHluLmV1XC93cC1jb250ZW50XC91cGxvYWRzXC8yMDIzXC8wNVwvQmFyMi1zY2FsZWQuanBnIiwic2xpZGVzaG93IjoiYWxsLTgwY2E4M2UifQ%3D%3D\">\n\t\t\t\t\t<div class=\"e-gallery-image elementor-gallery-item__image\" data-thumbnail=\"https:\/\/laserarenamlyn.eu\/wp-content\/uploads\/2023\/05\/Bar2-1024x661.jpg\" data-width=\"1024\" data-height=\"661\" alt=\"\" ><\/div>\n\t\t\t\t\t\t\t\t\t\t\t<div class=\"elementor-gallery-item__overlay\"><\/div>\n\t\t\t\t\t\t\t\t\t\t\t\t\t\t<\/a>\n\t\t\t\t\t\t\t<a class=\"e-gallery-item elementor-gallery-item elementor-animated-content\" href=\"https:\/\/laserarenamlyn.eu\/wp-content\/uploads\/2023\/05\/LG1-scaled.jpg\" data-elementor-open-lightbox=\"yes\" data-elementor-lightbox-slideshow=\"all-80ca83e\" data-e-action-hash=\"#elementor-action%3Aaction%3Dlightbox%26settings%3DeyJpZCI6MzY5MCwidXJsIjoiaHR0cHM6XC9cL2xhc2VyYXJlbmFtbHluLmV1XC93cC1jb250ZW50XC91cGxvYWRzXC8yMDIzXC8wNVwvTEcxLXNjYWxlZC5qcGciLCJzbGlkZXNob3ciOiJhbGwtODBjYTgzZSJ9\">\n\t\t\t\t\t<div class=\"e-gallery-image elementor-gallery-item__image\" data-thumbnail=\"https:\/\/laserarenamlyn.eu\/wp-content\/uploads\/2023\/05\/LG1-1024x576.jpg\" data-width=\"1024\" data-height=\"576\" alt=\"\" ><\/div>\n\t\t\t\t\t\t\t\t\t\t\t<div class=\"elementor-gallery-item__overlay\"><\/div>\n\t\t\t\t\t\t\t\t\t\t\t\t\t\t<\/a>\n\t\t\t\t\t<\/div>\n\t\t\t\t\t<\/div>\n\t\t\t\t<\/div>\n\t\t\t\t<div class=\"elementor-element elementor-element-95f1709 elementor-widget elementor-widget-spacer\" data-id=\"95f1709\" data-element_type=\"widget\" data-e-type=\"widget\" data-widget_type=\"spacer.default\">\n\t\t\t\t<div class=\"elementor-widget-container\">\n\t\t\t\t\t\t\t<div class=\"elementor-spacer\">\n\t\t\t<div class=\"elementor-spacer-inner\"><\/div>\n\t\t<\/div>\n\t\t\t\t\t\t<\/div>\n\t\t\t\t<\/div>\n\t\t\t\t\t<\/div>\n\t\t<\/div>\n\t\t\t\t\t<\/div>\n\t\t<\/section>\n\t\t\t\t<\/div>","protected":false},"excerpt":{"rendered":"<p>FIREMN\u00cd AKCE Ide\u00e1ln\u00ed firemn\u00ed ve\u010d\u00edrek?\u00a0Jedin\u011b u n\u00e1s. Chcete p\u0159ij\u00edt p\u0159ed otv\u00edra\u010dkou, nebo pa\u0159it do noci? U n\u00e1s to nen\u00ed \u017e\u00e1dn\u00fd probl\u00e9m, otev\u00edrac\u00ed dobu v\u00e1m p\u0159izp\u016fsob\u00edme. Ka\u017edou akci \u0159e\u0161\u00edme individu\u00e1n\u011b. U n\u00e1s se zabav\u00ed v\u0161echny v\u011bkov\u00e9 kategorie, star\u0161\u00ed u laser game, virtu\u00e1ln\u00ed reality, nebo stoln\u00edho fotb\u00e1lku a pro ty nejmen\u0161\u00ed m\u00e1me d\u011btsk\u00fd koutek. Posezen\u00ed m\u00e1me pro 50 lid\u00ed. Na baru v\u00e1s&hellip;<\/p>","protected":false},"author":1,"featured_media":3924,"parent":0,"menu_order":0,"comment_status":"closed","ping_status":"closed","template":"","meta":{"footnotes":"","_links_to":"","_links_to_target":""},"class_list":["post-2284","page","type-page","status-publish","has-post-thumbnail","hentry"],"yoast_head":"<!-- This site is optimized with the Yoast SEO Premium plugin v20.11 (Yoast SEO v27.0) - https:\/\/yoast.com\/product\/yoast-seo-premium-wordpress\/ -->\n<title>Laser Game Ar\u00e9na P\u0159erov - Firemn\u00ed akce<\/title>\n<meta name=\"description\" content=\"Dvoupatrov\u00e1 Laser Game Ar\u00e9na, Virtu\u00e1ln\u00ed realita, narozeninov\u00e9 oslavy, d\u011btstk\u00fd koutek, firemn\u00ed teambuilding, rozlu\u010dky se svobodou, V\u00e1no\u010dn\u00ed ve\u010d\u00edrky, \u0161koln\u00ed akce.\" \/>\n<meta name=\"robots\" content=\"index, follow, max-snippet:-1, max-image-preview:large, max-video-preview:-1\" \/>\n<link rel=\"canonical\" href=\"https:\/\/laserarenamlyn.eu\/en\/firemni-akce\/\" \/>\n<meta property=\"og:locale\" content=\"en_GB\" \/>\n<meta property=\"og:type\" content=\"article\" \/>\n<meta property=\"og:title\" content=\"Laser Game Ar\u00e9na P\u0159erov\" \/>\n<meta property=\"og:description\" content=\"Dvoupatrov\u00e1 Laser Game Ar\u00e9na, Virtu\u00e1ln\u00ed realita, narozeninov\u00e9 oslavy, d\u011btstk\u00fd koutek, firemn\u00ed teambuilding, rozlu\u010dky se svobodou, V\u00e1no\u010dn\u00ed ve\u010d\u00edrky, \u0161koln\u00ed akce.\" \/>\n<meta property=\"og:url\" content=\"https:\/\/laserarenamlyn.eu\/en\/firemni-akce\/\" \/>\n<meta property=\"og:site_name\" content=\"Laser Game Ar\u00e9na P\u0159erov\" \/>\n<meta property=\"article:modified_time\" content=\"2025-10-06T19:11:45+00:00\" \/>\n<meta property=\"og:image\" content=\"http:\/\/laserarenamlyn.eu\/wp-content\/uploads\/2023\/05\/A5-3.jpg\" \/>\n\t<meta property=\"og:image:width\" content=\"2500\" \/>\n\t<meta property=\"og:image:height\" content=\"1670\" \/>\n\t<meta property=\"og:image:type\" content=\"image\/jpeg\" \/>\n<meta name=\"twitter:card\" content=\"summary_large_image\" \/>\n<meta name=\"twitter:title\" content=\"Firemn\u00ed akce\" \/>\n<meta name=\"twitter:label1\" content=\"Estimated reading time\" \/>\n\t<meta name=\"twitter:data1\" content=\"1 minute\" \/>\n<script type=\"application\/ld+json\" class=\"yoast-schema-graph\">{\"@context\":\"https:\/\/schema.org\",\"@graph\":[{\"@type\":\"WebPage\",\"@id\":\"https:\/\/laserarenamlyn.eu\/firemni-akce\/\",\"url\":\"https:\/\/laserarenamlyn.eu\/firemni-akce\/\",\"name\":\"Laser Game Ar\u00e9na P\u0159erov - Firemn\u00ed akce\",\"isPartOf\":{\"@id\":\"https:\/\/laserarenamlyn.eu\/#website\"},\"primaryImageOfPage\":{\"@id\":\"https:\/\/laserarenamlyn.eu\/firemni-akce\/#primaryimage\"},\"image\":{\"@id\":\"https:\/\/laserarenamlyn.eu\/firemni-akce\/#primaryimage\"},\"thumbnailUrl\":\"https:\/\/laserarenamlyn.eu\/wp-content\/uploads\/2023\/05\/Firemni-vecirky-scaled.jpg\",\"datePublished\":\"2023-05-06T08:43:48+00:00\",\"dateModified\":\"2025-10-06T19:11:45+00:00\",\"description\":\"Dvoupatrov\u00e1 Laser Game Ar\u00e9na, Virtu\u00e1ln\u00ed realita, narozeninov\u00e9 oslavy, d\u011btstk\u00fd koutek, firemn\u00ed teambuilding, rozlu\u010dky se svobodou, V\u00e1no\u010dn\u00ed ve\u010d\u00edrky, \u0161koln\u00ed akce.\",\"breadcrumb\":{\"@id\":\"https:\/\/laserarenamlyn.eu\/firemni-akce\/#breadcrumb\"},\"inLanguage\":\"en-GB\",\"potentialAction\":[{\"@type\":\"ReadAction\",\"target\":[\"https:\/\/laserarenamlyn.eu\/firemni-akce\/\"]}]},{\"@type\":\"ImageObject\",\"inLanguage\":\"en-GB\",\"@id\":\"https:\/\/laserarenamlyn.eu\/firemni-akce\/#primaryimage\",\"url\":\"https:\/\/laserarenamlyn.eu\/wp-content\/uploads\/2023\/05\/Firemni-vecirky-scaled.jpg\",\"contentUrl\":\"https:\/\/laserarenamlyn.eu\/wp-content\/uploads\/2023\/05\/Firemni-vecirky-scaled.jpg\",\"width\":1920,\"height\":1440},{\"@type\":\"BreadcrumbList\",\"@id\":\"https:\/\/laserarenamlyn.eu\/firemni-akce\/#breadcrumb\",\"itemListElement\":[{\"@type\":\"ListItem\",\"position\":1,\"name\":\"Dom\u016f\",\"item\":\"https:\/\/laserarenamlyn.eu\/\"},{\"@type\":\"ListItem\",\"position\":2,\"name\":\"Firemn\u00ed akce\"}]},{\"@type\":\"WebSite\",\"@id\":\"https:\/\/laserarenamlyn.eu\/#website\",\"url\":\"https:\/\/laserarenamlyn.eu\/\",\"name\":\"Laser Game Ar\u00e9na P\u0159erov\",\"description\":\"Dvoupatrov\u00e1 Laser Game Ar\u00e9na, Virtu\u00e1ln\u00ed realita, narozeninov\u00e9 oslavy, d\u011btstk\u00fd koutek, firemn\u00ed teambuilding, rozlu\u010dky se svobodou, V\u00e1no\u010dn\u00ed ve\u010d\u00edrky, \u0161koln\u00ed akce.\",\"publisher\":{\"@id\":\"https:\/\/laserarenamlyn.eu\/#organization\"},\"potentialAction\":[{\"@type\":\"SearchAction\",\"target\":{\"@type\":\"EntryPoint\",\"urlTemplate\":\"https:\/\/laserarenamlyn.eu\/?s={search_term_string}\"},\"query-input\":{\"@type\":\"PropertyValueSpecification\",\"valueRequired\":true,\"valueName\":\"search_term_string\"}}],\"inLanguage\":\"en-GB\"},{\"@type\":\"Organization\",\"@id\":\"https:\/\/laserarenamlyn.eu\/#organization\",\"name\":\"Laser Game Ar\u00e9na P\u0159erov\",\"url\":\"https:\/\/laserarenamlyn.eu\/\",\"logo\":{\"@type\":\"ImageObject\",\"inLanguage\":\"en-GB\",\"@id\":\"https:\/\/laserarenamlyn.eu\/#\/schema\/logo\/image\/\",\"url\":\"https:\/\/laserarenamlyn.eu\/wp-content\/uploads\/2023\/02\/logo-kopie-1.png\",\"contentUrl\":\"https:\/\/laserarenamlyn.eu\/wp-content\/uploads\/2023\/02\/logo-kopie-1.png\",\"width\":250,\"height\":236,\"caption\":\"Laser Game Ar\u00e9na P\u0159erov\"},\"image\":{\"@id\":\"https:\/\/laserarenamlyn.eu\/#\/schema\/logo\/image\/\"}}]}<\/script>\n<!-- \/ Yoast SEO Premium plugin. -->","yoast_head_json":{"title":"Laser Game Ar\u00e9na P\u0159erov - Firemn\u00ed akce","description":"Dvoupatrov\u00e1 Laser Game Ar\u00e9na, Virtu\u00e1ln\u00ed realita, narozeninov\u00e9 oslavy, d\u011btstk\u00fd koutek, firemn\u00ed teambuilding, rozlu\u010dky se svobodou, V\u00e1no\u010dn\u00ed ve\u010d\u00edrky, \u0161koln\u00ed akce.","robots":{"index":"index","follow":"follow","max-snippet":"max-snippet:-1","max-image-preview":"max-image-preview:large","max-video-preview":"max-video-preview:-1"},"canonical":"https:\/\/laserarenamlyn.eu\/en\/firemni-akce\/","og_locale":"en_GB","og_type":"article","og_title":"Laser Game Ar\u00e9na P\u0159erov","og_description":"Dvoupatrov\u00e1 Laser Game Ar\u00e9na, Virtu\u00e1ln\u00ed realita, narozeninov\u00e9 oslavy, d\u011btstk\u00fd koutek, firemn\u00ed teambuilding, rozlu\u010dky se svobodou, V\u00e1no\u010dn\u00ed ve\u010d\u00edrky, \u0161koln\u00ed akce.","og_url":"https:\/\/laserarenamlyn.eu\/en\/firemni-akce\/","og_site_name":"Laser Game Ar\u00e9na P\u0159erov","article_modified_time":"2025-10-06T19:11:45+00:00","og_image":[{"width":2500,"height":1670,"url":"http:\/\/laserarenamlyn.eu\/wp-content\/uploads\/2023\/05\/A5-3.jpg","type":"image\/jpeg"}],"twitter_card":"summary_large_image","twitter_title":"Firemn\u00ed akce","twitter_misc":{"Estimated reading time":"1 minute"},"schema":{"@context":"https:\/\/schema.org","@graph":[{"@type":"WebPage","@id":"https:\/\/laserarenamlyn.eu\/firemni-akce\/","url":"https:\/\/laserarenamlyn.eu\/firemni-akce\/","name":"Laser Game Ar\u00e9na P\u0159erov - Firemn\u00ed akce","isPartOf":{"@id":"https:\/\/laserarenamlyn.eu\/#website"},"primaryImageOfPage":{"@id":"https:\/\/laserarenamlyn.eu\/firemni-akce\/#primaryimage"},"image":{"@id":"https:\/\/laserarenamlyn.eu\/firemni-akce\/#primaryimage"},"thumbnailUrl":"https:\/\/laserarenamlyn.eu\/wp-content\/uploads\/2023\/05\/Firemni-vecirky-scaled.jpg","datePublished":"2023-05-06T08:43:48+00:00","dateModified":"2025-10-06T19:11:45+00:00","description":"Dvoupatrov\u00e1 Laser Game Ar\u00e9na, Virtu\u00e1ln\u00ed realita, narozeninov\u00e9 oslavy, d\u011btstk\u00fd koutek, firemn\u00ed teambuilding, rozlu\u010dky se svobodou, V\u00e1no\u010dn\u00ed ve\u010d\u00edrky, \u0161koln\u00ed akce.","breadcrumb":{"@id":"https:\/\/laserarenamlyn.eu\/firemni-akce\/#breadcrumb"},"inLanguage":"en-GB","potentialAction":[{"@type":"ReadAction","target":["https:\/\/laserarenamlyn.eu\/firemni-akce\/"]}]},{"@type":"ImageObject","inLanguage":"en-GB","@id":"https:\/\/laserarenamlyn.eu\/firemni-akce\/#primaryimage","url":"https:\/\/laserarenamlyn.eu\/wp-content\/uploads\/2023\/05\/Firemni-vecirky-scaled.jpg","contentUrl":"https:\/\/laserarenamlyn.eu\/wp-content\/uploads\/2023\/05\/Firemni-vecirky-scaled.jpg","width":1920,"height":1440},{"@type":"BreadcrumbList","@id":"https:\/\/laserarenamlyn.eu\/firemni-akce\/#breadcrumb","itemListElement":[{"@type":"ListItem","position":1,"name":"Dom\u016f","item":"https:\/\/laserarenamlyn.eu\/"},{"@type":"ListItem","position":2,"name":"Firemn\u00ed akce"}]},{"@type":"WebSite","@id":"https:\/\/laserarenamlyn.eu\/#website","url":"https:\/\/laserarenamlyn.eu\/","name":"Laser Game Ar\u00e9na P\u0159erov","description":"Dvoupatrov\u00e1 Laser Game Ar\u00e9na, Virtu\u00e1ln\u00ed realita, narozeninov\u00e9 oslavy, d\u011btstk\u00fd koutek, firemn\u00ed teambuilding, rozlu\u010dky se svobodou, V\u00e1no\u010dn\u00ed ve\u010d\u00edrky, \u0161koln\u00ed akce.","publisher":{"@id":"https:\/\/laserarenamlyn.eu\/#organization"},"potentialAction":[{"@type":"SearchAction","target":{"@type":"EntryPoint","urlTemplate":"https:\/\/laserarenamlyn.eu\/?s={search_term_string}"},"query-input":{"@type":"PropertyValueSpecification","valueRequired":true,"valueName":"search_term_string"}}],"inLanguage":"en-GB"},{"@type":"Organization","@id":"https:\/\/laserarenamlyn.eu\/#organization","name":"Laser Game Ar\u00e9na P\u0159erov","url":"https:\/\/laserarenamlyn.eu\/","logo":{"@type":"ImageObject","inLanguage":"en-GB","@id":"https:\/\/laserarenamlyn.eu\/#\/schema\/logo\/image\/","url":"https:\/\/laserarenamlyn.eu\/wp-content\/uploads\/2023\/02\/logo-kopie-1.png","contentUrl":"https:\/\/laserarenamlyn.eu\/wp-content\/uploads\/2023\/02\/logo-kopie-1.png","width":250,"height":236,"caption":"Laser Game Ar\u00e9na P\u0159erov"},"image":{"@id":"https:\/\/laserarenamlyn.eu\/#\/schema\/logo\/image\/"}}]}},"_links":{"self":[{"href":"https:\/\/laserarenamlyn.eu\/en\/wp-json\/wp\/v2\/pages\/2284","targetHints":{"allow":["GET"]}}],"collection":[{"href":"https:\/\/laserarenamlyn.eu\/en\/wp-json\/wp\/v2\/pages"}],"about":[{"href":"https:\/\/laserarenamlyn.eu\/en\/wp-json\/wp\/v2\/types\/page"}],"author":[{"embeddable":true,"href":"https:\/\/laserarenamlyn.eu\/en\/wp-json\/wp\/v2\/users\/1"}],"replies":[{"embeddable":true,"href":"https:\/\/laserarenamlyn.eu\/en\/wp-json\/wp\/v2\/comments?post=2284"}],"version-history":[{"count":128,"href":"https:\/\/laserarenamlyn.eu\/en\/wp-json\/wp\/v2\/pages\/2284\/revisions"}],"predecessor-version":[{"id":4380,"href":"https:\/\/laserarenamlyn.eu\/en\/wp-json\/wp\/v2\/pages\/2284\/revisions\/4380"}],"wp:featuredmedia":[{"embeddable":true,"href":"https:\/\/laserarenamlyn.eu\/en\/wp-json\/wp\/v2\/media\/3924"}],"wp:attachment":[{"href":"https:\/\/laserarenamlyn.eu\/en\/wp-json\/wp\/v2\/media?parent=2284"}],"curies":[{"name":"wp","href":"https:\/\/api.w.org\/{rel}","templated":true}]}}