{"id":2334,"date":"2023-03-01T11:04:35","date_gmt":"2023-03-01T11:04:35","guid":{"rendered":"https:\/\/laserarenamlyn.eu\/?page_id=2334"},"modified":"2023-07-31T12:33:10","modified_gmt":"2023-07-31T10:33:10","slug":"rezervace","status":"publish","type":"page","link":"https:\/\/laserarenamlyn.eu\/en\/rezervace\/","title":{"rendered":"Rezervace"},"content":{"rendered":"<div data-elementor-type=\"wp-page\" data-elementor-id=\"2334\" class=\"elementor elementor-2334\">\n\t\t\t\t\t\t<section class=\"elementor-section elementor-top-section elementor-element elementor-element-1d14262 elementor-section-boxed elementor-section-height-default elementor-section-height-default\" data-id=\"1d14262\" data-element_type=\"section\" data-e-type=\"section\">\n\t\t\t\t\t\t<div class=\"elementor-container elementor-column-gap-default\">\n\t\t\t\t\t<div class=\"elementor-column elementor-col-100 elementor-top-column elementor-element elementor-element-06421fd\" data-id=\"06421fd\" data-element_type=\"column\" data-e-type=\"column\">\n\t\t\t<div class=\"elementor-widget-wrap elementor-element-populated\">\n\t\t\t\t\t\t<div class=\"elementor-element elementor-element-0923058 elementor-widget elementor-widget-text-editor\" data-id=\"0923058\" data-element_type=\"widget\" data-e-type=\"widget\" data-widget_type=\"text-editor.default\">\n\t\t\t\t<div class=\"elementor-widget-container\">\n\t\t\t\t\t\t\t\t\t<div id=\"rezervace\">\u00a0<\/div>\t\t\t\t\t\t\t\t<\/div>\n\t\t\t\t<\/div>\n\t\t\t\t<div class=\"elementor-element elementor-element-e6ded30 elementor-widget elementor-widget-spacer\" data-id=\"e6ded30\" data-element_type=\"widget\" data-e-type=\"widget\" data-widget_type=\"spacer.default\">\n\t\t\t\t<div class=\"elementor-widget-container\">\n\t\t\t\t\t\t\t<div class=\"elementor-spacer\">\n\t\t\t<div class=\"elementor-spacer-inner\"><\/div>\n\t\t<\/div>\n\t\t\t\t\t\t<\/div>\n\t\t\t\t<\/div>\n\t\t\t\t<div class=\"elementor-element elementor-element-582e976 elementor-widget elementor-widget-text-editor\" data-id=\"582e976\" data-element_type=\"widget\" data-e-type=\"widget\" data-widget_type=\"text-editor.default\">\n\t\t\t\t<div class=\"elementor-widget-container\">\n\t\t\t\t\t\t\t\t\t<div id=\"rezervace\" \/>\t\t\t\t\t\t\t\t<\/div>\n\t\t\t\t<\/div>\n\t\t\t\t<div class=\"elementor-element elementor-element-55c5f9d elementor-widget elementor-widget-spacer\" data-id=\"55c5f9d\" data-element_type=\"widget\" data-e-type=\"widget\" data-widget_type=\"spacer.default\">\n\t\t\t\t<div class=\"elementor-widget-container\">\n\t\t\t\t\t\t\t<div class=\"elementor-spacer\">\n\t\t\t<div class=\"elementor-spacer-inner\"><\/div>\n\t\t<\/div>\n\t\t\t\t\t\t<\/div>\n\t\t\t\t<\/div>\n\t\t\t\t\t<\/div>\n\t\t<\/div>\n\t\t\t\t\t<\/div>\n\t\t<\/section>\n\t\t\t\t<\/div>","protected":false},"excerpt":{"rendered":"","protected":false},"author":1,"featured_media":1709,"parent":0,"menu_order":0,"comment_status":"closed","ping_status":"closed","template":"","meta":{"footnotes":"","_links_to":"","_links_to_target":""},"class_list":["post-2334","page","type-page","status-publish","has-post-thumbnail","hentry"],"yoast_head":"<!-- This site is optimized with the Yoast SEO Premium plugin v20.11 (Yoast SEO v27.0) - https:\/\/yoast.com\/product\/yoast-seo-premium-wordpress\/ -->\n<title>Laser Game Ar\u00e9na P\u0159erov - Rezervace<\/title>\n<meta name=\"description\" content=\"Dvoupatrov\u00e1 Laser Game Ar\u00e9na, Virtu\u00e1ln\u00ed realita, narozeninov\u00e9 oslavy, d\u011btstk\u00fd koutek, firemn\u00ed teambuilding, rozlu\u010dky se svobodou, V\u00e1no\u010dn\u00ed ve\u010d\u00edrky, \u0161koln\u00ed akce.\" \/>\n<meta name=\"robots\" content=\"index, follow, max-snippet:-1, max-image-preview:large, max-video-preview:-1\" \/>\n<link rel=\"canonical\" href=\"https:\/\/laserarenamlyn.eu\/en\/rezervace\/\" \/>\n<meta property=\"og:locale\" content=\"en_GB\" \/>\n<meta property=\"og:type\" content=\"article\" \/>\n<meta property=\"og:title\" content=\"Laser Game Ar\u00e9na P\u0159erov\" \/>\n<meta property=\"og:description\" content=\"Dvoupatrov\u00e1 Laser Game Ar\u00e9na, Virtu\u00e1ln\u00ed realita, narozeninov\u00e9 oslavy, d\u011btstk\u00fd koutek, firemn\u00ed teambuilding, rozlu\u010dky se svobodou, V\u00e1no\u010dn\u00ed ve\u010d\u00edrky, \u0161koln\u00ed akce.\" \/>\n<meta property=\"og:url\" content=\"https:\/\/laserarenamlyn.eu\/en\/rezervace\/\" \/>\n<meta property=\"og:site_name\" content=\"Laser Game Ar\u00e9na P\u0159erov\" \/>\n<meta property=\"article:modified_time\" content=\"2023-07-31T10:33:10+00:00\" \/>\n<meta property=\"og:image\" content=\"http:\/\/laserarenamlyn.eu\/wp-content\/uploads\/2023\/05\/A5-3.jpg\" \/>\n\t<meta property=\"og:image:width\" content=\"2500\" \/>\n\t<meta property=\"og:image:height\" content=\"1670\" \/>\n\t<meta property=\"og:image:type\" content=\"image\/jpeg\" \/>\n<meta name=\"twitter:card\" content=\"summary_large_image\" \/>\n<meta name=\"twitter:title\" content=\"Rezervace\" \/>\n<script type=\"application\/ld+json\" class=\"yoast-schema-graph\">{\"@context\":\"https:\/\/schema.org\",\"@graph\":[{\"@type\":\"WebPage\",\"@id\":\"https:\/\/laserarenamlyn.eu\/rezervace\/\",\"url\":\"https:\/\/laserarenamlyn.eu\/rezervace\/\",\"name\":\"Laser Game Ar\u00e9na P\u0159erov - Rezervace\",\"isPartOf\":{\"@id\":\"https:\/\/laserarenamlyn.eu\/#website\"},\"primaryImageOfPage\":{\"@id\":\"https:\/\/laserarenamlyn.eu\/rezervace\/#primaryimage\"},\"image\":{\"@id\":\"https:\/\/laserarenamlyn.eu\/rezervace\/#primaryimage\"},\"thumbnailUrl\":\"https:\/\/laserarenamlyn.eu\/wp-content\/uploads\/2017\/10\/VR3.jpg\",\"datePublished\":\"2023-03-01T11:04:35+00:00\",\"dateModified\":\"2023-07-31T10:33:10+00:00\",\"description\":\"Dvoupatrov\u00e1 Laser Game Ar\u00e9na, Virtu\u00e1ln\u00ed realita, narozeninov\u00e9 oslavy, d\u011btstk\u00fd koutek, firemn\u00ed teambuilding, rozlu\u010dky se svobodou, V\u00e1no\u010dn\u00ed ve\u010d\u00edrky, \u0161koln\u00ed akce.\",\"breadcrumb\":{\"@id\":\"https:\/\/laserarenamlyn.eu\/rezervace\/#breadcrumb\"},\"inLanguage\":\"en-GB\",\"potentialAction\":[{\"@type\":\"ReadAction\",\"target\":[\"https:\/\/laserarenamlyn.eu\/rezervace\/\"]}]},{\"@type\":\"ImageObject\",\"inLanguage\":\"en-GB\",\"@id\":\"https:\/\/laserarenamlyn.eu\/rezervace\/#primaryimage\",\"url\":\"https:\/\/laserarenamlyn.eu\/wp-content\/uploads\/2017\/10\/VR3.jpg\",\"contentUrl\":\"https:\/\/laserarenamlyn.eu\/wp-content\/uploads\/2017\/10\/VR3.jpg\",\"width\":1920,\"height\":1080},{\"@type\":\"BreadcrumbList\",\"@id\":\"https:\/\/laserarenamlyn.eu\/rezervace\/#breadcrumb\",\"itemListElement\":[{\"@type\":\"ListItem\",\"position\":1,\"name\":\"Dom\u016f\",\"item\":\"https:\/\/laserarenamlyn.eu\/\"},{\"@type\":\"ListItem\",\"position\":2,\"name\":\"Rezervace\"}]},{\"@type\":\"WebSite\",\"@id\":\"https:\/\/laserarenamlyn.eu\/#website\",\"url\":\"https:\/\/laserarenamlyn.eu\/\",\"name\":\"Laser Game Ar\u00e9na P\u0159erov\",\"description\":\"Dvoupatrov\u00e1 Laser Game Ar\u00e9na, Virtu\u00e1ln\u00ed realita, narozeninov\u00e9 oslavy, d\u011btstk\u00fd koutek, firemn\u00ed teambuilding, rozlu\u010dky se svobodou, V\u00e1no\u010dn\u00ed ve\u010d\u00edrky, \u0161koln\u00ed akce.\",\"publisher\":{\"@id\":\"https:\/\/laserarenamlyn.eu\/#organization\"},\"potentialAction\":[{\"@type\":\"SearchAction\",\"target\":{\"@type\":\"EntryPoint\",\"urlTemplate\":\"https:\/\/laserarenamlyn.eu\/?s={search_term_string}\"},\"query-input\":{\"@type\":\"PropertyValueSpecification\",\"valueRequired\":true,\"valueName\":\"search_term_string\"}}],\"inLanguage\":\"en-GB\"},{\"@type\":\"Organization\",\"@id\":\"https:\/\/laserarenamlyn.eu\/#organization\",\"name\":\"Laser Game Ar\u00e9na P\u0159erov\",\"url\":\"https:\/\/laserarenamlyn.eu\/\",\"logo\":{\"@type\":\"ImageObject\",\"inLanguage\":\"en-GB\",\"@id\":\"https:\/\/laserarenamlyn.eu\/#\/schema\/logo\/image\/\",\"url\":\"https:\/\/laserarenamlyn.eu\/wp-content\/uploads\/2023\/02\/logo-kopie-1.png\",\"contentUrl\":\"https:\/\/laserarenamlyn.eu\/wp-content\/uploads\/2023\/02\/logo-kopie-1.png\",\"width\":250,\"height\":236,\"caption\":\"Laser Game Ar\u00e9na P\u0159erov\"},\"image\":{\"@id\":\"https:\/\/laserarenamlyn.eu\/#\/schema\/logo\/image\/\"}}]}<\/script>\n<!-- \/ Yoast SEO Premium plugin. -->","yoast_head_json":{"title":"Laser Game Ar\u00e9na P\u0159erov - Rezervace","description":"Dvoupatrov\u00e1 Laser Game Ar\u00e9na, Virtu\u00e1ln\u00ed realita, narozeninov\u00e9 oslavy, d\u011btstk\u00fd koutek, firemn\u00ed teambuilding, rozlu\u010dky se svobodou, V\u00e1no\u010dn\u00ed ve\u010d\u00edrky, \u0161koln\u00ed akce.","robots":{"index":"index","follow":"follow","max-snippet":"max-snippet:-1","max-image-preview":"max-image-preview:large","max-video-preview":"max-video-preview:-1"},"canonical":"https:\/\/laserarenamlyn.eu\/en\/rezervace\/","og_locale":"en_GB","og_type":"article","og_title":"Laser Game Ar\u00e9na P\u0159erov","og_description":"Dvoupatrov\u00e1 Laser Game Ar\u00e9na, Virtu\u00e1ln\u00ed realita, narozeninov\u00e9 oslavy, d\u011btstk\u00fd koutek, firemn\u00ed teambuilding, rozlu\u010dky se svobodou, V\u00e1no\u010dn\u00ed ve\u010d\u00edrky, \u0161koln\u00ed akce.","og_url":"https:\/\/laserarenamlyn.eu\/en\/rezervace\/","og_site_name":"Laser Game Ar\u00e9na P\u0159erov","article_modified_time":"2023-07-31T10:33:10+00:00","og_image":[{"width":2500,"height":1670,"url":"http:\/\/laserarenamlyn.eu\/wp-content\/uploads\/2023\/05\/A5-3.jpg","type":"image\/jpeg"}],"twitter_card":"summary_large_image","twitter_title":"Rezervace","schema":{"@context":"https:\/\/schema.org","@graph":[{"@type":"WebPage","@id":"https:\/\/laserarenamlyn.eu\/rezervace\/","url":"https:\/\/laserarenamlyn.eu\/rezervace\/","name":"Laser Game Ar\u00e9na P\u0159erov - Rezervace","isPartOf":{"@id":"https:\/\/laserarenamlyn.eu\/#website"},"primaryImageOfPage":{"@id":"https:\/\/laserarenamlyn.eu\/rezervace\/#primaryimage"},"image":{"@id":"https:\/\/laserarenamlyn.eu\/rezervace\/#primaryimage"},"thumbnailUrl":"https:\/\/laserarenamlyn.eu\/wp-content\/uploads\/2017\/10\/VR3.jpg","datePublished":"2023-03-01T11:04:35+00:00","dateModified":"2023-07-31T10:33:10+00:00","description":"Dvoupatrov\u00e1 Laser Game Ar\u00e9na, Virtu\u00e1ln\u00ed realita, narozeninov\u00e9 oslavy, d\u011btstk\u00fd koutek, firemn\u00ed teambuilding, rozlu\u010dky se svobodou, V\u00e1no\u010dn\u00ed ve\u010d\u00edrky, \u0161koln\u00ed akce.","breadcrumb":{"@id":"https:\/\/laserarenamlyn.eu\/rezervace\/#breadcrumb"},"inLanguage":"en-GB","potentialAction":[{"@type":"ReadAction","target":["https:\/\/laserarenamlyn.eu\/rezervace\/"]}]},{"@type":"ImageObject","inLanguage":"en-GB","@id":"https:\/\/laserarenamlyn.eu\/rezervace\/#primaryimage","url":"https:\/\/laserarenamlyn.eu\/wp-content\/uploads\/2017\/10\/VR3.jpg","contentUrl":"https:\/\/laserarenamlyn.eu\/wp-content\/uploads\/2017\/10\/VR3.jpg","width":1920,"height":1080},{"@type":"BreadcrumbList","@id":"https:\/\/laserarenamlyn.eu\/rezervace\/#breadcrumb","itemListElement":[{"@type":"ListItem","position":1,"name":"Dom\u016f","item":"https:\/\/laserarenamlyn.eu\/"},{"@type":"ListItem","position":2,"name":"Rezervace"}]},{"@type":"WebSite","@id":"https:\/\/laserarenamlyn.eu\/#website","url":"https:\/\/laserarenamlyn.eu\/","name":"Laser Game Ar\u00e9na P\u0159erov","description":"Dvoupatrov\u00e1 Laser Game Ar\u00e9na, Virtu\u00e1ln\u00ed realita, narozeninov\u00e9 oslavy, d\u011btstk\u00fd koutek, firemn\u00ed teambuilding, rozlu\u010dky se svobodou, V\u00e1no\u010dn\u00ed ve\u010d\u00edrky, \u0161koln\u00ed akce.","publisher":{"@id":"https:\/\/laserarenamlyn.eu\/#organization"},"potentialAction":[{"@type":"SearchAction","target":{"@type":"EntryPoint","urlTemplate":"https:\/\/laserarenamlyn.eu\/?s={search_term_string}"},"query-input":{"@type":"PropertyValueSpecification","valueRequired":true,"valueName":"search_term_string"}}],"inLanguage":"en-GB"},{"@type":"Organization","@id":"https:\/\/laserarenamlyn.eu\/#organization","name":"Laser Game Ar\u00e9na P\u0159erov","url":"https:\/\/laserarenamlyn.eu\/","logo":{"@type":"ImageObject","inLanguage":"en-GB","@id":"https:\/\/laserarenamlyn.eu\/#\/schema\/logo\/image\/","url":"https:\/\/laserarenamlyn.eu\/wp-content\/uploads\/2023\/02\/logo-kopie-1.png","contentUrl":"https:\/\/laserarenamlyn.eu\/wp-content\/uploads\/2023\/02\/logo-kopie-1.png","width":250,"height":236,"caption":"Laser Game Ar\u00e9na P\u0159erov"},"image":{"@id":"https:\/\/laserarenamlyn.eu\/#\/schema\/logo\/image\/"}}]}},"_links":{"self":[{"href":"https:\/\/laserarenamlyn.eu\/en\/wp-json\/wp\/v2\/pages\/2334","targetHints":{"allow":["GET"]}}],"collection":[{"href":"https:\/\/laserarenamlyn.eu\/en\/wp-json\/wp\/v2\/pages"}],"about":[{"href":"https:\/\/laserarenamlyn.eu\/en\/wp-json\/wp\/v2\/types\/page"}],"author":[{"embeddable":true,"href":"https:\/\/laserarenamlyn.eu\/en\/wp-json\/wp\/v2\/users\/1"}],"replies":[{"embeddable":true,"href":"https:\/\/laserarenamlyn.eu\/en\/wp-json\/wp\/v2\/comments?post=2334"}],"version-history":[{"count":113,"href":"https:\/\/laserarenamlyn.eu\/en\/wp-json\/wp\/v2\/pages\/2334\/revisions"}],"predecessor-version":[{"id":4100,"href":"https:\/\/laserarenamlyn.eu\/en\/wp-json\/wp\/v2\/pages\/2334\/revisions\/4100"}],"wp:featuredmedia":[{"embeddable":true,"href":"https:\/\/laserarenamlyn.eu\/en\/wp-json\/wp\/v2\/media\/1709"}],"wp:attachment":[{"href":"https:\/\/laserarenamlyn.eu\/en\/wp-json\/wp\/v2\/media?parent=2334"}],"curies":[{"name":"wp","href":"https:\/\/api.w.org\/{rel}","templated":true}]}}