{"id":3569,"date":"2023-05-08T15:50:40","date_gmt":"2023-05-08T13:50:40","guid":{"rendered":"https:\/\/laserarenamlyn.eu\/?page_id=3569"},"modified":"2025-10-06T20:04:10","modified_gmt":"2025-10-06T19:04:10","slug":"akce-pro-skoly","status":"publish","type":"page","link":"https:\/\/laserarenamlyn.eu\/en\/akce-pro-skoly\/","title":{"rendered":"\u0160koln\u00ed akce"},"content":{"rendered":"<div data-elementor-type=\"wp-page\" data-elementor-id=\"3569\" class=\"elementor elementor-3569\">\n\t\t\t\t\t\t<section class=\"elementor-section elementor-top-section elementor-element elementor-element-1a0f9f95 elementor-section-boxed elementor-section-height-default elementor-section-height-default\" data-id=\"1a0f9f95\" data-element_type=\"section\" data-e-type=\"section\">\n\t\t\t\t\t\t<div class=\"elementor-container elementor-column-gap-default\">\n\t\t\t\t\t<div class=\"elementor-column elementor-col-100 elementor-top-column elementor-element elementor-element-1b7d2427\" data-id=\"1b7d2427\" data-element_type=\"column\" data-e-type=\"column\">\n\t\t\t<div class=\"elementor-widget-wrap elementor-element-populated\">\n\t\t\t\t\t\t<div class=\"elementor-element elementor-element-048def3 elementor-widget elementor-widget-spacer\" data-id=\"048def3\" data-element_type=\"widget\" data-e-type=\"widget\" data-widget_type=\"spacer.default\">\n\t\t\t\t<div class=\"elementor-widget-container\">\n\t\t\t\t\t\t\t<div class=\"elementor-spacer\">\n\t\t\t<div class=\"elementor-spacer-inner\"><\/div>\n\t\t<\/div>\n\t\t\t\t\t\t<\/div>\n\t\t\t\t<\/div>\n\t\t\t\t<div class=\"elementor-element elementor-element-d514a05 elementor-widget elementor-widget-heading\" data-id=\"d514a05\" data-element_type=\"widget\" data-e-type=\"widget\" data-widget_type=\"heading.default\">\n\t\t\t\t<div class=\"elementor-widget-container\">\n\t\t\t\t\t<h2 class=\"elementor-heading-title elementor-size-default\">\u0160KOLN\u00cd AKCE<\/h2>\t\t\t\t<\/div>\n\t\t\t\t<\/div>\n\t\t\t\t<div class=\"elementor-element elementor-element-7678447 elementor-widget elementor-widget-text-editor\" data-id=\"7678447\" data-element_type=\"widget\" data-e-type=\"widget\" data-widget_type=\"text-editor.default\">\n\t\t\t\t<div class=\"elementor-widget-container\">\n\t\t\t\t\t\t\t\t\t<p><span style=\"color: #000000;\">P\u0159ij\u010fte s t\u0159\u00eddou oslavit konec \u0161koly k n\u00e1m. V dob\u011b vyu\u010dov\u00e1n\u00ed maj\u00ed \u017e\u00e1ci\/studenti hru za 90 K\u010d a u\u010ditel\u00e9 1 hru zdarma.<br \/><\/span><br \/><span style=\"color: #000000;\">Po domluv\u011b pro V\u00e1s r\u00e1di otev\u0159eme mimo standardn\u00ed otev\u00edrac\u00ed dobu.<\/span><\/p><p><span style=\"color: #000000;\">Nezapomenuteln\u00fd z\u00e1\u017eitek, z\u00e1bava a adrenalin, t\u00edm v\u0161\u00edm je Laser Game. S rozlohou 450 m2 se \u0159ad\u00edme mezi nejv\u011bt\u0161\u00ed Laser Ar\u00e9ny v \u010cesk\u00e9 Republice.<\/span><br \/><span style=\"color: #000000;\">Hern\u00ed prostor V\u00e1s vyvede p\u0159es vyv\u00fd\u0161en\u00e9 rampy a\u017e do patra, ze kter\u00e9ho m\u00e1te rozhled na celou ar\u00e9nu nebo naopak m\u016f\u017eete objevit dva tunely a nav\u00edc V\u00e1s \u010dekaj\u00ed 2 bonusov\u00e9 pointy.<\/span><br \/><span style=\"color: #000000;\">Krev v \u017eil\u00e1ch rozpumpuje kvalitn\u00ed hudebn\u00ed sestava. Maxim\u00e1ln\u00ed z\u00e1\u017eitek Laser Game si u\u017eijete v pln\u00e9m po\u010dtu 16 hr\u00e1\u010d\u016f.<\/span><\/p>\t\t\t\t\t\t\t\t<\/div>\n\t\t\t\t<\/div>\n\t\t\t\t<div class=\"elementor-element elementor-element-80ca83e elementor-widget elementor-widget-gallery\" data-id=\"80ca83e\" data-element_type=\"widget\" data-e-type=\"widget\" data-settings=\"{&quot;aspect_ratio&quot;:&quot;16:9&quot;,&quot;gap&quot;:{&quot;unit&quot;:&quot;px&quot;,&quot;size&quot;:7,&quot;sizes&quot;:[]},&quot;columns_mobile&quot;:2,&quot;columns&quot;:3,&quot;lazyload&quot;:&quot;yes&quot;,&quot;gallery_layout&quot;:&quot;grid&quot;,&quot;columns_tablet&quot;:2,&quot;gap_tablet&quot;:{&quot;unit&quot;:&quot;px&quot;,&quot;size&quot;:10,&quot;sizes&quot;:[]},&quot;gap_mobile&quot;:{&quot;unit&quot;:&quot;px&quot;,&quot;size&quot;:10,&quot;sizes&quot;:[]},&quot;link_to&quot;:&quot;file&quot;,&quot;overlay_background&quot;:&quot;yes&quot;,&quot;content_hover_animation&quot;:&quot;fade-in&quot;}\" data-widget_type=\"gallery.default\">\n\t\t\t\t<div class=\"elementor-widget-container\">\n\t\t\t\t\t\t\t<div class=\"elementor-gallery__container\">\n\t\t\t\t\t\t\t<a class=\"e-gallery-item elementor-gallery-item elementor-animated-content\" href=\"https:\/\/laserarenamlyn.eu\/wp-content\/uploads\/2023\/05\/20230517_202754-1-scaled.jpg\" data-elementor-open-lightbox=\"yes\" data-elementor-lightbox-slideshow=\"all-80ca83e\" data-e-action-hash=\"#elementor-action%3Aaction%3Dlightbox%26settings%3DeyJpZCI6MzcwOSwidXJsIjoiaHR0cHM6XC9cL2xhc2VyYXJlbmFtbHluLmV1XC93cC1jb250ZW50XC91cGxvYWRzXC8yMDIzXC8wNVwvMjAyMzA1MTdfMjAyNzU0LTEtc2NhbGVkLmpwZyIsInNsaWRlc2hvdyI6ImFsbC04MGNhODNlIn0%3D\">\n\t\t\t\t\t<div class=\"e-gallery-image elementor-gallery-item__image\" data-thumbnail=\"https:\/\/laserarenamlyn.eu\/wp-content\/uploads\/2023\/05\/20230517_202754-1-768x576.jpg\" data-width=\"768\" data-height=\"576\" alt=\"\" ><\/div>\n\t\t\t\t\t\t\t\t\t\t\t<div class=\"elementor-gallery-item__overlay\"><\/div>\n\t\t\t\t\t\t\t\t\t\t\t\t\t\t<\/a>\n\t\t\t\t\t\t\t<a class=\"e-gallery-item elementor-gallery-item elementor-animated-content\" href=\"https:\/\/laserarenamlyn.eu\/wp-content\/uploads\/2023\/05\/20230517_202936-1-scaled.jpg\" data-elementor-open-lightbox=\"yes\" data-elementor-lightbox-slideshow=\"all-80ca83e\" data-e-action-hash=\"#elementor-action%3Aaction%3Dlightbox%26settings%3DeyJpZCI6MzcxMCwidXJsIjoiaHR0cHM6XC9cL2xhc2VyYXJlbmFtbHluLmV1XC93cC1jb250ZW50XC91cGxvYWRzXC8yMDIzXC8wNVwvMjAyMzA1MTdfMjAyOTM2LTEtc2NhbGVkLmpwZyIsInNsaWRlc2hvdyI6ImFsbC04MGNhODNlIn0%3D\">\n\t\t\t\t\t<div class=\"e-gallery-image elementor-gallery-item__image\" data-thumbnail=\"https:\/\/laserarenamlyn.eu\/wp-content\/uploads\/2023\/05\/20230517_202936-1-768x576.jpg\" data-width=\"768\" data-height=\"576\" alt=\"\" ><\/div>\n\t\t\t\t\t\t\t\t\t\t\t<div class=\"elementor-gallery-item__overlay\"><\/div>\n\t\t\t\t\t\t\t\t\t\t\t\t\t\t<\/a>\n\t\t\t\t\t\t\t<a class=\"e-gallery-item elementor-gallery-item elementor-animated-content\" href=\"https:\/\/laserarenamlyn.eu\/wp-content\/uploads\/2023\/05\/20230517_203126-1-scaled.jpg\" data-elementor-open-lightbox=\"yes\" data-elementor-lightbox-slideshow=\"all-80ca83e\" data-e-action-hash=\"#elementor-action%3Aaction%3Dlightbox%26settings%3DeyJpZCI6MzcxMywidXJsIjoiaHR0cHM6XC9cL2xhc2VyYXJlbmFtbHluLmV1XC93cC1jb250ZW50XC91cGxvYWRzXC8yMDIzXC8wNVwvMjAyMzA1MTdfMjAzMTI2LTEtc2NhbGVkLmpwZyIsInNsaWRlc2hvdyI6ImFsbC04MGNhODNlIn0%3D\">\n\t\t\t\t\t<div class=\"e-gallery-image elementor-gallery-item__image\" data-thumbnail=\"https:\/\/laserarenamlyn.eu\/wp-content\/uploads\/2023\/05\/20230517_203126-1-768x576.jpg\" data-width=\"768\" data-height=\"576\" alt=\"\" ><\/div>\n\t\t\t\t\t\t\t\t\t\t\t<div class=\"elementor-gallery-item__overlay\"><\/div>\n\t\t\t\t\t\t\t\t\t\t\t\t\t\t<\/a>\n\t\t\t\t\t\t\t<a class=\"e-gallery-item elementor-gallery-item elementor-animated-content\" href=\"https:\/\/laserarenamlyn.eu\/wp-content\/uploads\/2023\/05\/a2-2.jpg\" data-elementor-open-lightbox=\"yes\" data-elementor-lightbox-slideshow=\"all-80ca83e\" data-e-action-hash=\"#elementor-action%3Aaction%3Dlightbox%26settings%3DeyJpZCI6MzcxNCwidXJsIjoiaHR0cHM6XC9cL2xhc2VyYXJlbmFtbHluLmV1XC93cC1jb250ZW50XC91cGxvYWRzXC8yMDIzXC8wNVwvYTItMi5qcGciLCJzbGlkZXNob3ciOiJhbGwtODBjYTgzZSJ9\">\n\t\t\t\t\t<div class=\"e-gallery-image elementor-gallery-item__image\" data-thumbnail=\"https:\/\/laserarenamlyn.eu\/wp-content\/uploads\/2023\/05\/a2-2-768x513.jpg\" data-width=\"768\" data-height=\"513\" alt=\"\" ><\/div>\n\t\t\t\t\t\t\t\t\t\t\t<div class=\"elementor-gallery-item__overlay\"><\/div>\n\t\t\t\t\t\t\t\t\t\t\t\t\t\t<\/a>\n\t\t\t\t\t\t\t<a class=\"e-gallery-item elementor-gallery-item elementor-animated-content\" href=\"https:\/\/laserarenamlyn.eu\/wp-content\/uploads\/2023\/05\/A4-2.jpg\" data-elementor-open-lightbox=\"yes\" data-elementor-lightbox-slideshow=\"all-80ca83e\" data-e-action-hash=\"#elementor-action%3Aaction%3Dlightbox%26settings%3DeyJpZCI6MzcxNSwidXJsIjoiaHR0cHM6XC9cL2xhc2VyYXJlbmFtbHluLmV1XC93cC1jb250ZW50XC91cGxvYWRzXC8yMDIzXC8wNVwvQTQtMi5qcGciLCJzbGlkZXNob3ciOiJhbGwtODBjYTgzZSJ9\">\n\t\t\t\t\t<div class=\"e-gallery-image elementor-gallery-item__image\" data-thumbnail=\"https:\/\/laserarenamlyn.eu\/wp-content\/uploads\/2023\/05\/A4-2-768x432.jpg\" data-width=\"768\" data-height=\"432\" alt=\"\" ><\/div>\n\t\t\t\t\t\t\t\t\t\t\t<div class=\"elementor-gallery-item__overlay\"><\/div>\n\t\t\t\t\t\t\t\t\t\t\t\t\t\t<\/a>\n\t\t\t\t\t\t\t<a class=\"e-gallery-item elementor-gallery-item elementor-animated-content\" href=\"https:\/\/laserarenamlyn.eu\/wp-content\/uploads\/2023\/05\/A5-2.jpg\" data-elementor-open-lightbox=\"yes\" data-elementor-lightbox-slideshow=\"all-80ca83e\" data-e-action-hash=\"#elementor-action%3Aaction%3Dlightbox%26settings%3DeyJpZCI6MzcxNiwidXJsIjoiaHR0cHM6XC9cL2xhc2VyYXJlbmFtbHluLmV1XC93cC1jb250ZW50XC91cGxvYWRzXC8yMDIzXC8wNVwvQTUtMi5qcGciLCJzbGlkZXNob3ciOiJhbGwtODBjYTgzZSJ9\">\n\t\t\t\t\t<div class=\"e-gallery-image elementor-gallery-item__image\" data-thumbnail=\"https:\/\/laserarenamlyn.eu\/wp-content\/uploads\/2023\/05\/A5-2-768x513.jpg\" data-width=\"768\" data-height=\"513\" alt=\"\" ><\/div>\n\t\t\t\t\t\t\t\t\t\t\t<div class=\"elementor-gallery-item__overlay\"><\/div>\n\t\t\t\t\t\t\t\t\t\t\t\t\t\t<\/a>\n\t\t\t\t\t\t\t<a class=\"e-gallery-item elementor-gallery-item elementor-animated-content\" href=\"https:\/\/laserarenamlyn.eu\/wp-content\/uploads\/2023\/05\/aa-2.jpg\" data-elementor-open-lightbox=\"yes\" data-elementor-lightbox-slideshow=\"all-80ca83e\" data-e-action-hash=\"#elementor-action%3Aaction%3Dlightbox%26settings%3DeyJpZCI6MzcxNywidXJsIjoiaHR0cHM6XC9cL2xhc2VyYXJlbmFtbHluLmV1XC93cC1jb250ZW50XC91cGxvYWRzXC8yMDIzXC8wNVwvYWEtMi5qcGciLCJzbGlkZXNob3ciOiJhbGwtODBjYTgzZSJ9\">\n\t\t\t\t\t<div class=\"e-gallery-image elementor-gallery-item__image\" data-thumbnail=\"https:\/\/laserarenamlyn.eu\/wp-content\/uploads\/2023\/05\/aa-2-768x513.jpg\" data-width=\"768\" data-height=\"513\" alt=\"\" ><\/div>\n\t\t\t\t\t\t\t\t\t\t\t<div class=\"elementor-gallery-item__overlay\"><\/div>\n\t\t\t\t\t\t\t\t\t\t\t\t\t\t<\/a>\n\t\t\t\t\t\t\t<a class=\"e-gallery-item elementor-gallery-item elementor-animated-content\" href=\"https:\/\/laserarenamlyn.eu\/wp-content\/uploads\/2023\/05\/aaa-2.jpg\" data-elementor-open-lightbox=\"yes\" data-elementor-lightbox-slideshow=\"all-80ca83e\" data-e-action-hash=\"#elementor-action%3Aaction%3Dlightbox%26settings%3DeyJpZCI6MzcxOCwidXJsIjoiaHR0cHM6XC9cL2xhc2VyYXJlbmFtbHluLmV1XC93cC1jb250ZW50XC91cGxvYWRzXC8yMDIzXC8wNVwvYWFhLTIuanBnIiwic2xpZGVzaG93IjoiYWxsLTgwY2E4M2UifQ%3D%3D\">\n\t\t\t\t\t<div class=\"e-gallery-image elementor-gallery-item__image\" data-thumbnail=\"https:\/\/laserarenamlyn.eu\/wp-content\/uploads\/2023\/05\/aaa-2-768x513.jpg\" data-width=\"768\" data-height=\"513\" alt=\"\" ><\/div>\n\t\t\t\t\t\t\t\t\t\t\t<div class=\"elementor-gallery-item__overlay\"><\/div>\n\t\t\t\t\t\t\t\t\t\t\t\t\t\t<\/a>\n\t\t\t\t\t\t\t<a class=\"e-gallery-item elementor-gallery-item elementor-animated-content\" href=\"https:\/\/laserarenamlyn.eu\/wp-content\/uploads\/2023\/05\/LG1-1-scaled.jpg\" data-elementor-open-lightbox=\"yes\" data-elementor-lightbox-slideshow=\"all-80ca83e\" data-e-action-hash=\"#elementor-action%3Aaction%3Dlightbox%26settings%3DeyJpZCI6MzcxOSwidXJsIjoiaHR0cHM6XC9cL2xhc2VyYXJlbmFtbHluLmV1XC93cC1jb250ZW50XC91cGxvYWRzXC8yMDIzXC8wNVwvTEcxLTEtc2NhbGVkLmpwZyIsInNsaWRlc2hvdyI6ImFsbC04MGNhODNlIn0%3D\">\n\t\t\t\t\t<div class=\"e-gallery-image elementor-gallery-item__image\" data-thumbnail=\"https:\/\/laserarenamlyn.eu\/wp-content\/uploads\/2023\/05\/LG1-1-768x432.jpg\" data-width=\"768\" data-height=\"432\" alt=\"\" ><\/div>\n\t\t\t\t\t\t\t\t\t\t\t<div class=\"elementor-gallery-item__overlay\"><\/div>\n\t\t\t\t\t\t\t\t\t\t\t\t\t\t<\/a>\n\t\t\t\t\t<\/div>\n\t\t\t\t\t<\/div>\n\t\t\t\t<\/div>\n\t\t\t\t<div class=\"elementor-element elementor-element-95f1709 elementor-widget elementor-widget-spacer\" data-id=\"95f1709\" data-element_type=\"widget\" data-e-type=\"widget\" data-widget_type=\"spacer.default\">\n\t\t\t\t<div class=\"elementor-widget-container\">\n\t\t\t\t\t\t\t<div class=\"elementor-spacer\">\n\t\t\t<div class=\"elementor-spacer-inner\"><\/div>\n\t\t<\/div>\n\t\t\t\t\t\t<\/div>\n\t\t\t\t<\/div>\n\t\t\t\t\t<\/div>\n\t\t<\/div>\n\t\t\t\t\t<\/div>\n\t\t<\/section>\n\t\t\t\t<\/div>","protected":false},"excerpt":{"rendered":"<p>\u0160KOLN\u00cd AKCE P\u0159ij\u010fte s t\u0159\u00eddou oslavit konec \u0161koly k n\u00e1m. V dob\u011b vyu\u010dov\u00e1n\u00ed maj\u00ed \u017e\u00e1ci\/studenti hru za 90 K\u010d a u\u010ditel\u00e9 1 hru zdarma. Po domluv\u011b pro V\u00e1s r\u00e1di otev\u0159eme mimo standardn\u00ed otev\u00edrac\u00ed dobu. Nezapomenuteln\u00fd z\u00e1\u017eitek, z\u00e1bava a adrenalin, t\u00edm v\u0161\u00edm je Laser Game. S rozlohou 450 m2 se \u0159ad\u00edme mezi nejv\u011bt\u0161\u00ed Laser Ar\u00e9ny v \u010cesk\u00e9 Republice.Hern\u00ed prostor V\u00e1s vyvede&hellip;<\/p>","protected":false},"author":1,"featured_media":3931,"parent":0,"menu_order":0,"comment_status":"closed","ping_status":"closed","template":"","meta":{"footnotes":"","_links_to":"","_links_to_target":""},"class_list":["post-3569","page","type-page","status-publish","has-post-thumbnail","hentry"],"yoast_head":"<!-- This site is optimized with the Yoast SEO Premium plugin v20.11 (Yoast SEO v27.0) - https:\/\/yoast.com\/product\/yoast-seo-premium-wordpress\/ -->\n<title>Laser Game Ar\u00e9na P\u0159erov - \u0160koln\u00ed akce<\/title>\n<meta name=\"description\" content=\"Dvoupatrov\u00e1 Laser Game Ar\u00e9na, Virtu\u00e1ln\u00ed realita, narozeninov\u00e9 oslavy, d\u011btstk\u00fd koutek, firemn\u00ed teambuilding, rozlu\u010dky se svobodou, V\u00e1no\u010dn\u00ed ve\u010d\u00edrky, \u0161koln\u00ed akce.\" \/>\n<meta name=\"robots\" content=\"index, follow, max-snippet:-1, max-image-preview:large, max-video-preview:-1\" \/>\n<link rel=\"canonical\" href=\"https:\/\/laserarenamlyn.eu\/en\/akce-pro-skoly\/\" \/>\n<meta property=\"og:locale\" content=\"en_GB\" \/>\n<meta property=\"og:type\" content=\"article\" \/>\n<meta property=\"og:title\" content=\"Laser Game Ar\u00e9na P\u0159erov\" \/>\n<meta property=\"og:description\" content=\"Dvoupatrov\u00e1 Laser Game Ar\u00e9na, Virtu\u00e1ln\u00ed realita, narozeninov\u00e9 oslavy, d\u011btstk\u00fd koutek, firemn\u00ed teambuilding, rozlu\u010dky se svobodou, V\u00e1no\u010dn\u00ed ve\u010d\u00edrky, \u0161koln\u00ed akce.\" \/>\n<meta property=\"og:url\" content=\"https:\/\/laserarenamlyn.eu\/en\/akce-pro-skoly\/\" \/>\n<meta property=\"og:site_name\" content=\"Laser Game Ar\u00e9na P\u0159erov\" \/>\n<meta property=\"article:modified_time\" content=\"2025-10-06T19:04:10+00:00\" \/>\n<meta property=\"og:image\" content=\"http:\/\/laserarenamlyn.eu\/wp-content\/uploads\/2023\/05\/A5-3.jpg\" \/>\n\t<meta property=\"og:image:width\" content=\"2500\" \/>\n\t<meta property=\"og:image:height\" content=\"1670\" \/>\n\t<meta property=\"og:image:type\" content=\"image\/jpeg\" \/>\n<meta name=\"twitter:card\" content=\"summary_large_image\" \/>\n<meta name=\"twitter:title\" content=\"\u0160koln\u00ed akce\" \/>\n<meta name=\"twitter:label1\" content=\"Estimated reading time\" \/>\n\t<meta name=\"twitter:data1\" content=\"1 minute\" \/>\n<script type=\"application\/ld+json\" class=\"yoast-schema-graph\">{\"@context\":\"https:\/\/schema.org\",\"@graph\":[{\"@type\":\"WebPage\",\"@id\":\"https:\/\/laserarenamlyn.eu\/akce-pro-skoly\/\",\"url\":\"https:\/\/laserarenamlyn.eu\/akce-pro-skoly\/\",\"name\":\"Laser Game Ar\u00e9na P\u0159erov - \u0160koln\u00ed akce\",\"isPartOf\":{\"@id\":\"https:\/\/laserarenamlyn.eu\/#website\"},\"primaryImageOfPage\":{\"@id\":\"https:\/\/laserarenamlyn.eu\/akce-pro-skoly\/#primaryimage\"},\"image\":{\"@id\":\"https:\/\/laserarenamlyn.eu\/akce-pro-skoly\/#primaryimage\"},\"thumbnailUrl\":\"https:\/\/laserarenamlyn.eu\/wp-content\/uploads\/2023\/05\/Skolni-akce-scaled.jpg\",\"datePublished\":\"2023-05-08T13:50:40+00:00\",\"dateModified\":\"2025-10-06T19:04:10+00:00\",\"description\":\"Dvoupatrov\u00e1 Laser Game Ar\u00e9na, Virtu\u00e1ln\u00ed realita, narozeninov\u00e9 oslavy, d\u011btstk\u00fd koutek, firemn\u00ed teambuilding, rozlu\u010dky se svobodou, V\u00e1no\u010dn\u00ed ve\u010d\u00edrky, \u0161koln\u00ed akce.\",\"breadcrumb\":{\"@id\":\"https:\/\/laserarenamlyn.eu\/akce-pro-skoly\/#breadcrumb\"},\"inLanguage\":\"en-GB\",\"potentialAction\":[{\"@type\":\"ReadAction\",\"target\":[\"https:\/\/laserarenamlyn.eu\/akce-pro-skoly\/\"]}]},{\"@type\":\"ImageObject\",\"inLanguage\":\"en-GB\",\"@id\":\"https:\/\/laserarenamlyn.eu\/akce-pro-skoly\/#primaryimage\",\"url\":\"https:\/\/laserarenamlyn.eu\/wp-content\/uploads\/2023\/05\/Skolni-akce-scaled.jpg\",\"contentUrl\":\"https:\/\/laserarenamlyn.eu\/wp-content\/uploads\/2023\/05\/Skolni-akce-scaled.jpg\",\"width\":1920,\"height\":1081},{\"@type\":\"BreadcrumbList\",\"@id\":\"https:\/\/laserarenamlyn.eu\/akce-pro-skoly\/#breadcrumb\",\"itemListElement\":[{\"@type\":\"ListItem\",\"position\":1,\"name\":\"Dom\u016f\",\"item\":\"https:\/\/laserarenamlyn.eu\/\"},{\"@type\":\"ListItem\",\"position\":2,\"name\":\"\u0160koln\u00ed akce\"}]},{\"@type\":\"WebSite\",\"@id\":\"https:\/\/laserarenamlyn.eu\/#website\",\"url\":\"https:\/\/laserarenamlyn.eu\/\",\"name\":\"Laser Game Ar\u00e9na P\u0159erov\",\"description\":\"Dvoupatrov\u00e1 Laser Game Ar\u00e9na, Virtu\u00e1ln\u00ed realita, narozeninov\u00e9 oslavy, d\u011btstk\u00fd koutek, firemn\u00ed teambuilding, rozlu\u010dky se svobodou, V\u00e1no\u010dn\u00ed ve\u010d\u00edrky, \u0161koln\u00ed akce.\",\"publisher\":{\"@id\":\"https:\/\/laserarenamlyn.eu\/#organization\"},\"potentialAction\":[{\"@type\":\"SearchAction\",\"target\":{\"@type\":\"EntryPoint\",\"urlTemplate\":\"https:\/\/laserarenamlyn.eu\/?s={search_term_string}\"},\"query-input\":{\"@type\":\"PropertyValueSpecification\",\"valueRequired\":true,\"valueName\":\"search_term_string\"}}],\"inLanguage\":\"en-GB\"},{\"@type\":\"Organization\",\"@id\":\"https:\/\/laserarenamlyn.eu\/#organization\",\"name\":\"Laser Game Ar\u00e9na P\u0159erov\",\"url\":\"https:\/\/laserarenamlyn.eu\/\",\"logo\":{\"@type\":\"ImageObject\",\"inLanguage\":\"en-GB\",\"@id\":\"https:\/\/laserarenamlyn.eu\/#\/schema\/logo\/image\/\",\"url\":\"https:\/\/laserarenamlyn.eu\/wp-content\/uploads\/2023\/02\/logo-kopie-1.png\",\"contentUrl\":\"https:\/\/laserarenamlyn.eu\/wp-content\/uploads\/2023\/02\/logo-kopie-1.png\",\"width\":250,\"height\":236,\"caption\":\"Laser Game Ar\u00e9na P\u0159erov\"},\"image\":{\"@id\":\"https:\/\/laserarenamlyn.eu\/#\/schema\/logo\/image\/\"}}]}<\/script>\n<!-- \/ Yoast SEO Premium plugin. -->","yoast_head_json":{"title":"Laser Game Ar\u00e9na P\u0159erov - \u0160koln\u00ed akce","description":"Dvoupatrov\u00e1 Laser Game Ar\u00e9na, Virtu\u00e1ln\u00ed realita, narozeninov\u00e9 oslavy, d\u011btstk\u00fd koutek, firemn\u00ed teambuilding, rozlu\u010dky se svobodou, V\u00e1no\u010dn\u00ed ve\u010d\u00edrky, \u0161koln\u00ed akce.","robots":{"index":"index","follow":"follow","max-snippet":"max-snippet:-1","max-image-preview":"max-image-preview:large","max-video-preview":"max-video-preview:-1"},"canonical":"https:\/\/laserarenamlyn.eu\/en\/akce-pro-skoly\/","og_locale":"en_GB","og_type":"article","og_title":"Laser Game Ar\u00e9na P\u0159erov","og_description":"Dvoupatrov\u00e1 Laser Game Ar\u00e9na, Virtu\u00e1ln\u00ed realita, narozeninov\u00e9 oslavy, d\u011btstk\u00fd koutek, firemn\u00ed teambuilding, rozlu\u010dky se svobodou, V\u00e1no\u010dn\u00ed ve\u010d\u00edrky, \u0161koln\u00ed akce.","og_url":"https:\/\/laserarenamlyn.eu\/en\/akce-pro-skoly\/","og_site_name":"Laser Game Ar\u00e9na P\u0159erov","article_modified_time":"2025-10-06T19:04:10+00:00","og_image":[{"width":2500,"height":1670,"url":"http:\/\/laserarenamlyn.eu\/wp-content\/uploads\/2023\/05\/A5-3.jpg","type":"image\/jpeg"}],"twitter_card":"summary_large_image","twitter_title":"\u0160koln\u00ed akce","twitter_misc":{"Estimated reading time":"1 minute"},"schema":{"@context":"https:\/\/schema.org","@graph":[{"@type":"WebPage","@id":"https:\/\/laserarenamlyn.eu\/akce-pro-skoly\/","url":"https:\/\/laserarenamlyn.eu\/akce-pro-skoly\/","name":"Laser Game Ar\u00e9na P\u0159erov - \u0160koln\u00ed akce","isPartOf":{"@id":"https:\/\/laserarenamlyn.eu\/#website"},"primaryImageOfPage":{"@id":"https:\/\/laserarenamlyn.eu\/akce-pro-skoly\/#primaryimage"},"image":{"@id":"https:\/\/laserarenamlyn.eu\/akce-pro-skoly\/#primaryimage"},"thumbnailUrl":"https:\/\/laserarenamlyn.eu\/wp-content\/uploads\/2023\/05\/Skolni-akce-scaled.jpg","datePublished":"2023-05-08T13:50:40+00:00","dateModified":"2025-10-06T19:04:10+00:00","description":"Dvoupatrov\u00e1 Laser Game Ar\u00e9na, Virtu\u00e1ln\u00ed realita, narozeninov\u00e9 oslavy, d\u011btstk\u00fd koutek, firemn\u00ed teambuilding, rozlu\u010dky se svobodou, V\u00e1no\u010dn\u00ed ve\u010d\u00edrky, \u0161koln\u00ed akce.","breadcrumb":{"@id":"https:\/\/laserarenamlyn.eu\/akce-pro-skoly\/#breadcrumb"},"inLanguage":"en-GB","potentialAction":[{"@type":"ReadAction","target":["https:\/\/laserarenamlyn.eu\/akce-pro-skoly\/"]}]},{"@type":"ImageObject","inLanguage":"en-GB","@id":"https:\/\/laserarenamlyn.eu\/akce-pro-skoly\/#primaryimage","url":"https:\/\/laserarenamlyn.eu\/wp-content\/uploads\/2023\/05\/Skolni-akce-scaled.jpg","contentUrl":"https:\/\/laserarenamlyn.eu\/wp-content\/uploads\/2023\/05\/Skolni-akce-scaled.jpg","width":1920,"height":1081},{"@type":"BreadcrumbList","@id":"https:\/\/laserarenamlyn.eu\/akce-pro-skoly\/#breadcrumb","itemListElement":[{"@type":"ListItem","position":1,"name":"Dom\u016f","item":"https:\/\/laserarenamlyn.eu\/"},{"@type":"ListItem","position":2,"name":"\u0160koln\u00ed akce"}]},{"@type":"WebSite","@id":"https:\/\/laserarenamlyn.eu\/#website","url":"https:\/\/laserarenamlyn.eu\/","name":"Laser Game Ar\u00e9na P\u0159erov","description":"Dvoupatrov\u00e1 Laser Game Ar\u00e9na, Virtu\u00e1ln\u00ed realita, narozeninov\u00e9 oslavy, d\u011btstk\u00fd koutek, firemn\u00ed teambuilding, rozlu\u010dky se svobodou, V\u00e1no\u010dn\u00ed ve\u010d\u00edrky, \u0161koln\u00ed akce.","publisher":{"@id":"https:\/\/laserarenamlyn.eu\/#organization"},"potentialAction":[{"@type":"SearchAction","target":{"@type":"EntryPoint","urlTemplate":"https:\/\/laserarenamlyn.eu\/?s={search_term_string}"},"query-input":{"@type":"PropertyValueSpecification","valueRequired":true,"valueName":"search_term_string"}}],"inLanguage":"en-GB"},{"@type":"Organization","@id":"https:\/\/laserarenamlyn.eu\/#organization","name":"Laser Game Ar\u00e9na P\u0159erov","url":"https:\/\/laserarenamlyn.eu\/","logo":{"@type":"ImageObject","inLanguage":"en-GB","@id":"https:\/\/laserarenamlyn.eu\/#\/schema\/logo\/image\/","url":"https:\/\/laserarenamlyn.eu\/wp-content\/uploads\/2023\/02\/logo-kopie-1.png","contentUrl":"https:\/\/laserarenamlyn.eu\/wp-content\/uploads\/2023\/02\/logo-kopie-1.png","width":250,"height":236,"caption":"Laser Game Ar\u00e9na P\u0159erov"},"image":{"@id":"https:\/\/laserarenamlyn.eu\/#\/schema\/logo\/image\/"}}]}},"_links":{"self":[{"href":"https:\/\/laserarenamlyn.eu\/en\/wp-json\/wp\/v2\/pages\/3569","targetHints":{"allow":["GET"]}}],"collection":[{"href":"https:\/\/laserarenamlyn.eu\/en\/wp-json\/wp\/v2\/pages"}],"about":[{"href":"https:\/\/laserarenamlyn.eu\/en\/wp-json\/wp\/v2\/types\/page"}],"author":[{"embeddable":true,"href":"https:\/\/laserarenamlyn.eu\/en\/wp-json\/wp\/v2\/users\/1"}],"replies":[{"embeddable":true,"href":"https:\/\/laserarenamlyn.eu\/en\/wp-json\/wp\/v2\/comments?post=3569"}],"version-history":[{"count":30,"href":"https:\/\/laserarenamlyn.eu\/en\/wp-json\/wp\/v2\/pages\/3569\/revisions"}],"predecessor-version":[{"id":4371,"href":"https:\/\/laserarenamlyn.eu\/en\/wp-json\/wp\/v2\/pages\/3569\/revisions\/4371"}],"wp:featuredmedia":[{"embeddable":true,"href":"https:\/\/laserarenamlyn.eu\/en\/wp-json\/wp\/v2\/media\/3931"}],"wp:attachment":[{"href":"https:\/\/laserarenamlyn.eu\/en\/wp-json\/wp\/v2\/media?parent=3569"}],"curies":[{"name":"wp","href":"https:\/\/api.w.org\/{rel}","templated":true}]}}