{"id":3570,"date":"2023-05-05T15:50:46","date_gmt":"2023-05-05T13:50:46","guid":{"rendered":"https:\/\/laserarenamlyn.eu\/?page_id=3570"},"modified":"2025-10-08T09:51:06","modified_gmt":"2025-10-08T08:51:06","slug":"oslavy-narozenin","status":"publish","type":"page","link":"https:\/\/laserarenamlyn.eu\/en\/oslavy-narozenin\/","title":{"rendered":"Narozeninov\u00e9 oslavy"},"content":{"rendered":"<div data-elementor-type=\"wp-page\" data-elementor-id=\"3570\" class=\"elementor elementor-3570\">\n\t\t\t\t\t\t<section class=\"elementor-section elementor-top-section elementor-element elementor-element-1a0f9f95 elementor-section-boxed elementor-section-height-default elementor-section-height-default\" data-id=\"1a0f9f95\" data-element_type=\"section\" data-e-type=\"section\">\n\t\t\t\t\t\t<div class=\"elementor-container elementor-column-gap-default\">\n\t\t\t\t\t<div class=\"elementor-column elementor-col-100 elementor-top-column elementor-element elementor-element-1b7d2427\" data-id=\"1b7d2427\" data-element_type=\"column\" data-e-type=\"column\">\n\t\t\t<div class=\"elementor-widget-wrap elementor-element-populated\">\n\t\t\t\t\t\t<div class=\"elementor-element elementor-element-048def3 elementor-widget elementor-widget-spacer\" data-id=\"048def3\" data-element_type=\"widget\" data-e-type=\"widget\" data-widget_type=\"spacer.default\">\n\t\t\t\t<div class=\"elementor-widget-container\">\n\t\t\t\t\t\t\t<div class=\"elementor-spacer\">\n\t\t\t<div class=\"elementor-spacer-inner\"><\/div>\n\t\t<\/div>\n\t\t\t\t\t\t<\/div>\n\t\t\t\t<\/div>\n\t\t\t\t<div class=\"elementor-element elementor-element-d514a05 elementor-widget elementor-widget-heading\" data-id=\"d514a05\" data-element_type=\"widget\" data-e-type=\"widget\" data-widget_type=\"heading.default\">\n\t\t\t\t<div class=\"elementor-widget-container\">\n\t\t\t\t\t<h2 class=\"elementor-heading-title elementor-size-default\">NAROZENINOV\u00c9 OSLAVY<\/h2>\t\t\t\t<\/div>\n\t\t\t\t<\/div>\n\t\t\t\t<div class=\"elementor-element elementor-element-7678447 elementor-widget elementor-widget-text-editor\" data-id=\"7678447\" data-element_type=\"widget\" data-e-type=\"widget\" data-widget_type=\"text-editor.default\">\n\t\t\t\t<div class=\"elementor-widget-container\">\n\t\t\t\t\t\t\t\t\t<p><span style=\"color: #000000;\">P\u0159ij\u010f k n\u00e1m oslavit narozeniny. Laser Game je sportovn\u011b-z\u00e1bavn\u00e1 hra ur\u010den\u00e1 pro d\u011bti, studenty, dosp\u011bl\u00e9 i aktivn\u00ed d\u016fchodce. Vezm\u011bte svou rodinu, p\u0159\u00e1tele a u\u017eijte si u n\u00e1s skv\u011blou z\u00e1bavu. V t\u00fddnu narozenin (od pond\u011bl\u00ed do ned\u011ble) m\u00e1 oslavenec jednu hru zdarma.<br \/><\/span><\/p><p><span style=\"color: #000000;\">Vyu\u017e\u00edt m\u016f\u017eete n\u011bkter\u00fd z na\u0161ich <a href=\"\/cenik\"><b>narozeninov\u00fdch bal\u00ed\u010dk\u016f<\/b><\/a><\/span><\/p><h2 style=\"font-family: Roboto, sans-serif; outline-style: initial; outline-width: 0px; letter-spacing: normal; color: #00c2cb;\" data-elementor-setting-key=\"title\" data-pen-placeholder=\"Pi\u0161te zde...\">Doprovodn\u00fd program:<\/h2><div><span style=\"color: #000000;\">Letem sv\u011btem s mal\u00ed\u0159em Lubom\u00edrem Dost\u00e1lem. Kreslen\u00ed s d\u011btmi na oslav\u00e1ch. V p\u0159\u00edpad\u011b z\u00e1jmu mne, pros\u00edm, kontaktujte: 605 783 158.\u00a0<a href=\"https:\/\/www.facebook.com\/lubomir.dostal\">https:\/\/www.facebook.com\/lubomir.dostal<\/a><\/span><\/div>\t\t\t\t\t\t\t\t<\/div>\n\t\t\t\t<\/div>\n\t\t\t\t<div class=\"elementor-element elementor-element-80ca83e elementor-widget elementor-widget-gallery\" data-id=\"80ca83e\" data-element_type=\"widget\" data-e-type=\"widget\" data-settings=\"{&quot;aspect_ratio&quot;:&quot;16:9&quot;,&quot;gap&quot;:{&quot;unit&quot;:&quot;px&quot;,&quot;size&quot;:7,&quot;sizes&quot;:[]},&quot;columns_mobile&quot;:2,&quot;columns&quot;:3,&quot;lazyload&quot;:&quot;yes&quot;,&quot;gallery_layout&quot;:&quot;grid&quot;,&quot;columns_tablet&quot;:2,&quot;gap_tablet&quot;:{&quot;unit&quot;:&quot;px&quot;,&quot;size&quot;:10,&quot;sizes&quot;:[]},&quot;gap_mobile&quot;:{&quot;unit&quot;:&quot;px&quot;,&quot;size&quot;:10,&quot;sizes&quot;:[]},&quot;link_to&quot;:&quot;file&quot;,&quot;overlay_background&quot;:&quot;yes&quot;,&quot;content_hover_animation&quot;:&quot;fade-in&quot;}\" data-widget_type=\"gallery.default\">\n\t\t\t\t<div class=\"elementor-widget-container\">\n\t\t\t\t\t\t\t<div class=\"elementor-gallery__container\">\n\t\t\t\t\t\t\t<a class=\"e-gallery-item elementor-gallery-item elementor-animated-content\" href=\"https:\/\/laserarenamlyn.eu\/wp-content\/uploads\/2023\/05\/20230517_202754-2-scaled.jpg\" data-elementor-open-lightbox=\"yes\" data-elementor-lightbox-slideshow=\"all-80ca83e\" data-e-action-hash=\"#elementor-action%3Aaction%3Dlightbox%26settings%3DeyJpZCI6MzcyNiwidXJsIjoiaHR0cHM6XC9cL2xhc2VyYXJlbmFtbHluLmV1XC93cC1jb250ZW50XC91cGxvYWRzXC8yMDIzXC8wNVwvMjAyMzA1MTdfMjAyNzU0LTItc2NhbGVkLmpwZyIsInNsaWRlc2hvdyI6ImFsbC04MGNhODNlIn0%3D\">\n\t\t\t\t\t<div class=\"e-gallery-image elementor-gallery-item__image\" data-thumbnail=\"https:\/\/laserarenamlyn.eu\/wp-content\/uploads\/2023\/05\/20230517_202754-2-768x576.jpg\" data-width=\"768\" data-height=\"576\" alt=\"\" ><\/div>\n\t\t\t\t\t\t\t\t\t\t\t<div class=\"elementor-gallery-item__overlay\"><\/div>\n\t\t\t\t\t\t\t\t\t\t\t\t\t\t<\/a>\n\t\t\t\t\t\t\t<a class=\"e-gallery-item elementor-gallery-item elementor-animated-content\" href=\"https:\/\/laserarenamlyn.eu\/wp-content\/uploads\/2023\/05\/20230517_202936-2-scaled.jpg\" data-elementor-open-lightbox=\"yes\" data-elementor-lightbox-slideshow=\"all-80ca83e\" data-e-action-hash=\"#elementor-action%3Aaction%3Dlightbox%26settings%3DeyJpZCI6MzcyNywidXJsIjoiaHR0cHM6XC9cL2xhc2VyYXJlbmFtbHluLmV1XC93cC1jb250ZW50XC91cGxvYWRzXC8yMDIzXC8wNVwvMjAyMzA1MTdfMjAyOTM2LTItc2NhbGVkLmpwZyIsInNsaWRlc2hvdyI6ImFsbC04MGNhODNlIn0%3D\">\n\t\t\t\t\t<div class=\"e-gallery-image elementor-gallery-item__image\" data-thumbnail=\"https:\/\/laserarenamlyn.eu\/wp-content\/uploads\/2023\/05\/20230517_202936-2-768x576.jpg\" data-width=\"768\" data-height=\"576\" alt=\"\" ><\/div>\n\t\t\t\t\t\t\t\t\t\t\t<div class=\"elementor-gallery-item__overlay\"><\/div>\n\t\t\t\t\t\t\t\t\t\t\t\t\t\t<\/a>\n\t\t\t\t\t\t\t<a class=\"e-gallery-item elementor-gallery-item elementor-animated-content\" href=\"https:\/\/laserarenamlyn.eu\/wp-content\/uploads\/2023\/05\/20230517_202956-2-scaled.jpg\" data-elementor-open-lightbox=\"yes\" data-elementor-lightbox-slideshow=\"all-80ca83e\" data-e-action-hash=\"#elementor-action%3Aaction%3Dlightbox%26settings%3DeyJpZCI6MzcyOCwidXJsIjoiaHR0cHM6XC9cL2xhc2VyYXJlbmFtbHluLmV1XC93cC1jb250ZW50XC91cGxvYWRzXC8yMDIzXC8wNVwvMjAyMzA1MTdfMjAyOTU2LTItc2NhbGVkLmpwZyIsInNsaWRlc2hvdyI6ImFsbC04MGNhODNlIn0%3D\">\n\t\t\t\t\t<div class=\"e-gallery-image elementor-gallery-item__image\" data-thumbnail=\"https:\/\/laserarenamlyn.eu\/wp-content\/uploads\/2023\/05\/20230517_202956-2-768x576.jpg\" data-width=\"768\" data-height=\"576\" alt=\"\" ><\/div>\n\t\t\t\t\t\t\t\t\t\t\t<div class=\"elementor-gallery-item__overlay\"><\/div>\n\t\t\t\t\t\t\t\t\t\t\t\t\t\t<\/a>\n\t\t\t\t\t\t\t<a class=\"e-gallery-item elementor-gallery-item elementor-animated-content\" href=\"https:\/\/laserarenamlyn.eu\/wp-content\/uploads\/2023\/05\/20230517_203126-2-scaled.jpg\" data-elementor-open-lightbox=\"yes\" data-elementor-lightbox-slideshow=\"all-80ca83e\" data-e-action-hash=\"#elementor-action%3Aaction%3Dlightbox%26settings%3DeyJpZCI6MzcyOSwidXJsIjoiaHR0cHM6XC9cL2xhc2VyYXJlbmFtbHluLmV1XC93cC1jb250ZW50XC91cGxvYWRzXC8yMDIzXC8wNVwvMjAyMzA1MTdfMjAzMTI2LTItc2NhbGVkLmpwZyIsInNsaWRlc2hvdyI6ImFsbC04MGNhODNlIn0%3D\">\n\t\t\t\t\t<div class=\"e-gallery-image elementor-gallery-item__image\" data-thumbnail=\"https:\/\/laserarenamlyn.eu\/wp-content\/uploads\/2023\/05\/20230517_203126-2-768x576.jpg\" data-width=\"768\" data-height=\"576\" alt=\"\" ><\/div>\n\t\t\t\t\t\t\t\t\t\t\t<div class=\"elementor-gallery-item__overlay\"><\/div>\n\t\t\t\t\t\t\t\t\t\t\t\t\t\t<\/a>\n\t\t\t\t\t\t\t<a class=\"e-gallery-item elementor-gallery-item elementor-animated-content\" href=\"https:\/\/laserarenamlyn.eu\/wp-content\/uploads\/2023\/05\/a2-3.jpg\" data-elementor-open-lightbox=\"yes\" data-elementor-lightbox-slideshow=\"all-80ca83e\" data-e-action-hash=\"#elementor-action%3Aaction%3Dlightbox%26settings%3DeyJpZCI6MzczMSwidXJsIjoiaHR0cHM6XC9cL2xhc2VyYXJlbmFtbHluLmV1XC93cC1jb250ZW50XC91cGxvYWRzXC8yMDIzXC8wNVwvYTItMy5qcGciLCJzbGlkZXNob3ciOiJhbGwtODBjYTgzZSJ9\">\n\t\t\t\t\t<div class=\"e-gallery-image elementor-gallery-item__image\" data-thumbnail=\"https:\/\/laserarenamlyn.eu\/wp-content\/uploads\/2023\/05\/a2-3-768x513.jpg\" data-width=\"768\" data-height=\"513\" alt=\"\" ><\/div>\n\t\t\t\t\t\t\t\t\t\t\t<div class=\"elementor-gallery-item__overlay\"><\/div>\n\t\t\t\t\t\t\t\t\t\t\t\t\t\t<\/a>\n\t\t\t\t\t\t\t<a class=\"e-gallery-item elementor-gallery-item elementor-animated-content\" href=\"https:\/\/laserarenamlyn.eu\/wp-content\/uploads\/2023\/05\/A4-3.jpg\" data-elementor-open-lightbox=\"yes\" data-elementor-lightbox-slideshow=\"all-80ca83e\" data-e-action-hash=\"#elementor-action%3Aaction%3Dlightbox%26settings%3DeyJpZCI6MzczMiwidXJsIjoiaHR0cHM6XC9cL2xhc2VyYXJlbmFtbHluLmV1XC93cC1jb250ZW50XC91cGxvYWRzXC8yMDIzXC8wNVwvQTQtMy5qcGciLCJzbGlkZXNob3ciOiJhbGwtODBjYTgzZSJ9\">\n\t\t\t\t\t<div class=\"e-gallery-image elementor-gallery-item__image\" data-thumbnail=\"https:\/\/laserarenamlyn.eu\/wp-content\/uploads\/2023\/05\/A4-3-768x432.jpg\" data-width=\"768\" data-height=\"432\" alt=\"\" ><\/div>\n\t\t\t\t\t\t\t\t\t\t\t<div class=\"elementor-gallery-item__overlay\"><\/div>\n\t\t\t\t\t\t\t\t\t\t\t\t\t\t<\/a>\n\t\t\t\t\t\t\t<a class=\"e-gallery-item elementor-gallery-item elementor-animated-content\" href=\"https:\/\/laserarenamlyn.eu\/wp-content\/uploads\/2023\/05\/A5-3.jpg\" data-elementor-open-lightbox=\"yes\" data-elementor-lightbox-slideshow=\"all-80ca83e\" data-e-action-hash=\"#elementor-action%3Aaction%3Dlightbox%26settings%3DeyJpZCI6MzczMywidXJsIjoiaHR0cHM6XC9cL2xhc2VyYXJlbmFtbHluLmV1XC93cC1jb250ZW50XC91cGxvYWRzXC8yMDIzXC8wNVwvQTUtMy5qcGciLCJzbGlkZXNob3ciOiJhbGwtODBjYTgzZSJ9\">\n\t\t\t\t\t<div class=\"e-gallery-image elementor-gallery-item__image\" data-thumbnail=\"https:\/\/laserarenamlyn.eu\/wp-content\/uploads\/2023\/05\/A5-3-768x513.jpg\" data-width=\"768\" data-height=\"513\" alt=\"\" ><\/div>\n\t\t\t\t\t\t\t\t\t\t\t<div class=\"elementor-gallery-item__overlay\"><\/div>\n\t\t\t\t\t\t\t\t\t\t\t\t\t\t<\/a>\n\t\t\t\t\t\t\t<a class=\"e-gallery-item elementor-gallery-item elementor-animated-content\" href=\"https:\/\/laserarenamlyn.eu\/wp-content\/uploads\/2023\/05\/aa-3.jpg\" data-elementor-open-lightbox=\"yes\" data-elementor-lightbox-slideshow=\"all-80ca83e\" data-e-action-hash=\"#elementor-action%3Aaction%3Dlightbox%26settings%3DeyJpZCI6MzczNCwidXJsIjoiaHR0cHM6XC9cL2xhc2VyYXJlbmFtbHluLmV1XC93cC1jb250ZW50XC91cGxvYWRzXC8yMDIzXC8wNVwvYWEtMy5qcGciLCJzbGlkZXNob3ciOiJhbGwtODBjYTgzZSJ9\">\n\t\t\t\t\t<div class=\"e-gallery-image elementor-gallery-item__image\" data-thumbnail=\"https:\/\/laserarenamlyn.eu\/wp-content\/uploads\/2023\/05\/aa-3-768x513.jpg\" data-width=\"768\" data-height=\"513\" alt=\"\" ><\/div>\n\t\t\t\t\t\t\t\t\t\t\t<div class=\"elementor-gallery-item__overlay\"><\/div>\n\t\t\t\t\t\t\t\t\t\t\t\t\t\t<\/a>\n\t\t\t\t\t\t\t<a class=\"e-gallery-item elementor-gallery-item elementor-animated-content\" href=\"https:\/\/laserarenamlyn.eu\/wp-content\/uploads\/2023\/05\/aaa-3.jpg\" data-elementor-open-lightbox=\"yes\" data-elementor-lightbox-slideshow=\"all-80ca83e\" data-e-action-hash=\"#elementor-action%3Aaction%3Dlightbox%26settings%3DeyJpZCI6MzczNSwidXJsIjoiaHR0cHM6XC9cL2xhc2VyYXJlbmFtbHluLmV1XC93cC1jb250ZW50XC91cGxvYWRzXC8yMDIzXC8wNVwvYWFhLTMuanBnIiwic2xpZGVzaG93IjoiYWxsLTgwY2E4M2UifQ%3D%3D\">\n\t\t\t\t\t<div class=\"e-gallery-image elementor-gallery-item__image\" data-thumbnail=\"https:\/\/laserarenamlyn.eu\/wp-content\/uploads\/2023\/05\/aaa-3-768x513.jpg\" data-width=\"768\" data-height=\"513\" alt=\"\" ><\/div>\n\t\t\t\t\t\t\t\t\t\t\t<div class=\"elementor-gallery-item__overlay\"><\/div>\n\t\t\t\t\t\t\t\t\t\t\t\t\t\t<\/a>\n\t\t\t\t\t\t\t<a class=\"e-gallery-item elementor-gallery-item elementor-animated-content\" href=\"https:\/\/laserarenamlyn.eu\/wp-content\/uploads\/2023\/05\/Bar2-1-scaled.jpg\" data-elementor-open-lightbox=\"yes\" data-elementor-lightbox-slideshow=\"all-80ca83e\" data-e-action-hash=\"#elementor-action%3Aaction%3Dlightbox%26settings%3DeyJpZCI6MzczNiwidXJsIjoiaHR0cHM6XC9cL2xhc2VyYXJlbmFtbHluLmV1XC93cC1jb250ZW50XC91cGxvYWRzXC8yMDIzXC8wNVwvQmFyMi0xLXNjYWxlZC5qcGciLCJzbGlkZXNob3ciOiJhbGwtODBjYTgzZSJ9\">\n\t\t\t\t\t<div class=\"e-gallery-image elementor-gallery-item__image\" data-thumbnail=\"https:\/\/laserarenamlyn.eu\/wp-content\/uploads\/2023\/05\/Bar2-1-768x496.jpg\" data-width=\"768\" data-height=\"496\" alt=\"\" ><\/div>\n\t\t\t\t\t\t\t\t\t\t\t<div class=\"elementor-gallery-item__overlay\"><\/div>\n\t\t\t\t\t\t\t\t\t\t\t\t\t\t<\/a>\n\t\t\t\t\t\t\t<a class=\"e-gallery-item elementor-gallery-item elementor-animated-content\" href=\"https:\/\/laserarenamlyn.eu\/wp-content\/uploads\/2023\/05\/LG1-2-scaled.jpg\" data-elementor-open-lightbox=\"yes\" data-elementor-lightbox-slideshow=\"all-80ca83e\" data-e-action-hash=\"#elementor-action%3Aaction%3Dlightbox%26settings%3DeyJpZCI6MzczNywidXJsIjoiaHR0cHM6XC9cL2xhc2VyYXJlbmFtbHluLmV1XC93cC1jb250ZW50XC91cGxvYWRzXC8yMDIzXC8wNVwvTEcxLTItc2NhbGVkLmpwZyIsInNsaWRlc2hvdyI6ImFsbC04MGNhODNlIn0%3D\">\n\t\t\t\t\t<div class=\"e-gallery-image elementor-gallery-item__image\" data-thumbnail=\"https:\/\/laserarenamlyn.eu\/wp-content\/uploads\/2023\/05\/LG1-2-768x432.jpg\" data-width=\"768\" data-height=\"432\" alt=\"\" ><\/div>\n\t\t\t\t\t\t\t\t\t\t\t<div class=\"elementor-gallery-item__overlay\"><\/div>\n\t\t\t\t\t\t\t\t\t\t\t\t\t\t<\/a>\n\t\t\t\t\t<\/div>\n\t\t\t\t\t<\/div>\n\t\t\t\t<\/div>\n\t\t\t\t\t<\/div>\n\t\t<\/div>\n\t\t\t\t\t<\/div>\n\t\t<\/section>\n\t\t\t\t<section class=\"elementor-section elementor-top-section elementor-element elementor-element-1cb63ea9 elementor-section-boxed elementor-section-height-default elementor-section-height-default\" data-id=\"1cb63ea9\" data-element_type=\"section\" data-e-type=\"section\">\n\t\t\t\t\t\t<div class=\"elementor-container elementor-column-gap-default\">\n\t\t\t\t\t<div class=\"elementor-column elementor-col-100 elementor-top-column elementor-element elementor-element-17477127\" data-id=\"17477127\" data-element_type=\"column\" data-e-type=\"column\">\n\t\t\t<div class=\"elementor-widget-wrap elementor-element-populated\">\n\t\t\t\t\t\t<div class=\"elementor-element elementor-element-16a67ec0 elementor-widget elementor-widget-spacer\" data-id=\"16a67ec0\" data-element_type=\"widget\" data-e-type=\"widget\" data-widget_type=\"spacer.default\">\n\t\t\t\t<div class=\"elementor-widget-container\">\n\t\t\t\t\t\t\t<div class=\"elementor-spacer\">\n\t\t\t<div class=\"elementor-spacer-inner\"><\/div>\n\t\t<\/div>\n\t\t\t\t\t\t<\/div>\n\t\t\t\t<\/div>\n\t\t\t\t\t<\/div>\n\t\t<\/div>\n\t\t\t\t\t<\/div>\n\t\t<\/section>\n\t\t\t\t<\/div>","protected":false},"excerpt":{"rendered":"<p>NAROZENINOV\u00c9 OSLAVY P\u0159ij\u010f k n\u00e1m oslavit narozeniny. Laser Game je sportovn\u011b-z\u00e1bavn\u00e1 hra ur\u010den\u00e1 pro d\u011bti, studenty, dosp\u011bl\u00e9 i aktivn\u00ed d\u016fchodce. Vezm\u011bte svou rodinu, p\u0159\u00e1tele a u\u017eijte si u n\u00e1s skv\u011blou z\u00e1bavu. V t\u00fddnu narozenin (od pond\u011bl\u00ed do ned\u011ble) m\u00e1 oslavenec jednu hru zdarma. Vyu\u017e\u00edt m\u016f\u017eete n\u011bkter\u00fd z na\u0161ich narozeninov\u00fdch bal\u00ed\u010dk\u016f Doprovodn\u00fd program: Letem sv\u011btem s mal\u00ed\u0159em Lubom\u00edrem Dost\u00e1lem. Kreslen\u00ed s&hellip;<\/p>","protected":false},"author":1,"featured_media":3926,"parent":0,"menu_order":0,"comment_status":"closed","ping_status":"closed","template":"","meta":{"footnotes":"","_links_to":"","_links_to_target":""},"class_list":["post-3570","page","type-page","status-publish","has-post-thumbnail","hentry"],"yoast_head":"<!-- This site is optimized with the Yoast SEO Premium plugin v20.11 (Yoast SEO v27.0) - https:\/\/yoast.com\/product\/yoast-seo-premium-wordpress\/ -->\n<title>Laser Game Ar\u00e9na P\u0159erov - Narozeninov\u00e9 oslavy<\/title>\n<meta name=\"description\" content=\"Dvoupatrov\u00e1 Laser Game Ar\u00e9na, Virtu\u00e1ln\u00ed realita, narozeninov\u00e9 oslavy, d\u011btstk\u00fd koutek, firemn\u00ed teambuilding, rozlu\u010dky se svobodou, V\u00e1no\u010dn\u00ed ve\u010d\u00edrky, \u0161koln\u00ed akce.\" \/>\n<meta name=\"robots\" content=\"index, follow, max-snippet:-1, max-image-preview:large, max-video-preview:-1\" \/>\n<link rel=\"canonical\" href=\"https:\/\/laserarenamlyn.eu\/en\/oslavy-narozenin\/\" \/>\n<meta property=\"og:locale\" content=\"en_GB\" \/>\n<meta property=\"og:type\" content=\"article\" \/>\n<meta property=\"og:title\" content=\"Laser Game Ar\u00e9na P\u0159erov\" \/>\n<meta property=\"og:description\" content=\"Dvoupatrov\u00e1 Laser Game Ar\u00e9na, Virtu\u00e1ln\u00ed realita, narozeninov\u00e9 oslavy, d\u011btstk\u00fd koutek, firemn\u00ed teambuilding, rozlu\u010dky se svobodou, V\u00e1no\u010dn\u00ed ve\u010d\u00edrky, \u0161koln\u00ed akce.\" \/>\n<meta property=\"og:url\" content=\"https:\/\/laserarenamlyn.eu\/en\/oslavy-narozenin\/\" \/>\n<meta property=\"og:site_name\" content=\"Laser Game Ar\u00e9na P\u0159erov\" \/>\n<meta property=\"article:modified_time\" content=\"2025-10-08T08:51:06+00:00\" \/>\n<meta property=\"og:image\" content=\"http:\/\/laserarenamlyn.eu\/wp-content\/uploads\/2023\/05\/A5-3.jpg\" \/>\n\t<meta property=\"og:image:width\" content=\"2500\" \/>\n\t<meta property=\"og:image:height\" content=\"1670\" \/>\n\t<meta property=\"og:image:type\" content=\"image\/jpeg\" \/>\n<meta name=\"twitter:card\" content=\"summary_large_image\" \/>\n<meta name=\"twitter:title\" content=\"Narozeninov\u00e9 oslavy\" \/>\n<meta name=\"twitter:label1\" content=\"Estimated reading time\" \/>\n\t<meta name=\"twitter:data1\" content=\"1 minute\" \/>\n<script type=\"application\/ld+json\" class=\"yoast-schema-graph\">{\"@context\":\"https:\/\/schema.org\",\"@graph\":[{\"@type\":\"WebPage\",\"@id\":\"https:\/\/laserarenamlyn.eu\/oslavy-narozenin\/\",\"url\":\"https:\/\/laserarenamlyn.eu\/oslavy-narozenin\/\",\"name\":\"Laser Game Ar\u00e9na P\u0159erov - Narozeninov\u00e9 oslavy\",\"isPartOf\":{\"@id\":\"https:\/\/laserarenamlyn.eu\/#website\"},\"primaryImageOfPage\":{\"@id\":\"https:\/\/laserarenamlyn.eu\/oslavy-narozenin\/#primaryimage\"},\"image\":{\"@id\":\"https:\/\/laserarenamlyn.eu\/oslavy-narozenin\/#primaryimage\"},\"thumbnailUrl\":\"https:\/\/laserarenamlyn.eu\/wp-content\/uploads\/2023\/05\/narozeninove-oslavy-scaled.jpg\",\"datePublished\":\"2023-05-05T13:50:46+00:00\",\"dateModified\":\"2025-10-08T08:51:06+00:00\",\"description\":\"Dvoupatrov\u00e1 Laser Game Ar\u00e9na, Virtu\u00e1ln\u00ed realita, narozeninov\u00e9 oslavy, d\u011btstk\u00fd koutek, firemn\u00ed teambuilding, rozlu\u010dky se svobodou, V\u00e1no\u010dn\u00ed ve\u010d\u00edrky, \u0161koln\u00ed akce.\",\"breadcrumb\":{\"@id\":\"https:\/\/laserarenamlyn.eu\/oslavy-narozenin\/#breadcrumb\"},\"inLanguage\":\"en-GB\",\"potentialAction\":[{\"@type\":\"ReadAction\",\"target\":[\"https:\/\/laserarenamlyn.eu\/oslavy-narozenin\/\"]}]},{\"@type\":\"ImageObject\",\"inLanguage\":\"en-GB\",\"@id\":\"https:\/\/laserarenamlyn.eu\/oslavy-narozenin\/#primaryimage\",\"url\":\"https:\/\/laserarenamlyn.eu\/wp-content\/uploads\/2023\/05\/narozeninove-oslavy-scaled.jpg\",\"contentUrl\":\"https:\/\/laserarenamlyn.eu\/wp-content\/uploads\/2023\/05\/narozeninove-oslavy-scaled.jpg\",\"width\":1920,\"height\":1440},{\"@type\":\"BreadcrumbList\",\"@id\":\"https:\/\/laserarenamlyn.eu\/oslavy-narozenin\/#breadcrumb\",\"itemListElement\":[{\"@type\":\"ListItem\",\"position\":1,\"name\":\"Dom\u016f\",\"item\":\"https:\/\/laserarenamlyn.eu\/\"},{\"@type\":\"ListItem\",\"position\":2,\"name\":\"Narozeninov\u00e9 oslavy\"}]},{\"@type\":\"WebSite\",\"@id\":\"https:\/\/laserarenamlyn.eu\/#website\",\"url\":\"https:\/\/laserarenamlyn.eu\/\",\"name\":\"Laser Game Ar\u00e9na P\u0159erov\",\"description\":\"Dvoupatrov\u00e1 Laser Game Ar\u00e9na, Virtu\u00e1ln\u00ed realita, narozeninov\u00e9 oslavy, d\u011btstk\u00fd koutek, firemn\u00ed teambuilding, rozlu\u010dky se svobodou, V\u00e1no\u010dn\u00ed ve\u010d\u00edrky, \u0161koln\u00ed akce.\",\"publisher\":{\"@id\":\"https:\/\/laserarenamlyn.eu\/#organization\"},\"potentialAction\":[{\"@type\":\"SearchAction\",\"target\":{\"@type\":\"EntryPoint\",\"urlTemplate\":\"https:\/\/laserarenamlyn.eu\/?s={search_term_string}\"},\"query-input\":{\"@type\":\"PropertyValueSpecification\",\"valueRequired\":true,\"valueName\":\"search_term_string\"}}],\"inLanguage\":\"en-GB\"},{\"@type\":\"Organization\",\"@id\":\"https:\/\/laserarenamlyn.eu\/#organization\",\"name\":\"Laser Game Ar\u00e9na P\u0159erov\",\"url\":\"https:\/\/laserarenamlyn.eu\/\",\"logo\":{\"@type\":\"ImageObject\",\"inLanguage\":\"en-GB\",\"@id\":\"https:\/\/laserarenamlyn.eu\/#\/schema\/logo\/image\/\",\"url\":\"https:\/\/laserarenamlyn.eu\/wp-content\/uploads\/2023\/02\/logo-kopie-1.png\",\"contentUrl\":\"https:\/\/laserarenamlyn.eu\/wp-content\/uploads\/2023\/02\/logo-kopie-1.png\",\"width\":250,\"height\":236,\"caption\":\"Laser Game Ar\u00e9na P\u0159erov\"},\"image\":{\"@id\":\"https:\/\/laserarenamlyn.eu\/#\/schema\/logo\/image\/\"}}]}<\/script>\n<!-- \/ Yoast SEO Premium plugin. -->","yoast_head_json":{"title":"Laser Game Ar\u00e9na P\u0159erov - Narozeninov\u00e9 oslavy","description":"Dvoupatrov\u00e1 Laser Game Ar\u00e9na, Virtu\u00e1ln\u00ed realita, narozeninov\u00e9 oslavy, d\u011btstk\u00fd koutek, firemn\u00ed teambuilding, rozlu\u010dky se svobodou, V\u00e1no\u010dn\u00ed ve\u010d\u00edrky, \u0161koln\u00ed akce.","robots":{"index":"index","follow":"follow","max-snippet":"max-snippet:-1","max-image-preview":"max-image-preview:large","max-video-preview":"max-video-preview:-1"},"canonical":"https:\/\/laserarenamlyn.eu\/en\/oslavy-narozenin\/","og_locale":"en_GB","og_type":"article","og_title":"Laser Game Ar\u00e9na P\u0159erov","og_description":"Dvoupatrov\u00e1 Laser Game Ar\u00e9na, Virtu\u00e1ln\u00ed realita, narozeninov\u00e9 oslavy, d\u011btstk\u00fd koutek, firemn\u00ed teambuilding, rozlu\u010dky se svobodou, V\u00e1no\u010dn\u00ed ve\u010d\u00edrky, \u0161koln\u00ed akce.","og_url":"https:\/\/laserarenamlyn.eu\/en\/oslavy-narozenin\/","og_site_name":"Laser Game Ar\u00e9na P\u0159erov","article_modified_time":"2025-10-08T08:51:06+00:00","og_image":[{"width":2500,"height":1670,"url":"http:\/\/laserarenamlyn.eu\/wp-content\/uploads\/2023\/05\/A5-3.jpg","type":"image\/jpeg"}],"twitter_card":"summary_large_image","twitter_title":"Narozeninov\u00e9 oslavy","twitter_misc":{"Estimated reading time":"1 minute"},"schema":{"@context":"https:\/\/schema.org","@graph":[{"@type":"WebPage","@id":"https:\/\/laserarenamlyn.eu\/oslavy-narozenin\/","url":"https:\/\/laserarenamlyn.eu\/oslavy-narozenin\/","name":"Laser Game Ar\u00e9na P\u0159erov - Narozeninov\u00e9 oslavy","isPartOf":{"@id":"https:\/\/laserarenamlyn.eu\/#website"},"primaryImageOfPage":{"@id":"https:\/\/laserarenamlyn.eu\/oslavy-narozenin\/#primaryimage"},"image":{"@id":"https:\/\/laserarenamlyn.eu\/oslavy-narozenin\/#primaryimage"},"thumbnailUrl":"https:\/\/laserarenamlyn.eu\/wp-content\/uploads\/2023\/05\/narozeninove-oslavy-scaled.jpg","datePublished":"2023-05-05T13:50:46+00:00","dateModified":"2025-10-08T08:51:06+00:00","description":"Dvoupatrov\u00e1 Laser Game Ar\u00e9na, Virtu\u00e1ln\u00ed realita, narozeninov\u00e9 oslavy, d\u011btstk\u00fd koutek, firemn\u00ed teambuilding, rozlu\u010dky se svobodou, V\u00e1no\u010dn\u00ed ve\u010d\u00edrky, \u0161koln\u00ed akce.","breadcrumb":{"@id":"https:\/\/laserarenamlyn.eu\/oslavy-narozenin\/#breadcrumb"},"inLanguage":"en-GB","potentialAction":[{"@type":"ReadAction","target":["https:\/\/laserarenamlyn.eu\/oslavy-narozenin\/"]}]},{"@type":"ImageObject","inLanguage":"en-GB","@id":"https:\/\/laserarenamlyn.eu\/oslavy-narozenin\/#primaryimage","url":"https:\/\/laserarenamlyn.eu\/wp-content\/uploads\/2023\/05\/narozeninove-oslavy-scaled.jpg","contentUrl":"https:\/\/laserarenamlyn.eu\/wp-content\/uploads\/2023\/05\/narozeninove-oslavy-scaled.jpg","width":1920,"height":1440},{"@type":"BreadcrumbList","@id":"https:\/\/laserarenamlyn.eu\/oslavy-narozenin\/#breadcrumb","itemListElement":[{"@type":"ListItem","position":1,"name":"Dom\u016f","item":"https:\/\/laserarenamlyn.eu\/"},{"@type":"ListItem","position":2,"name":"Narozeninov\u00e9 oslavy"}]},{"@type":"WebSite","@id":"https:\/\/laserarenamlyn.eu\/#website","url":"https:\/\/laserarenamlyn.eu\/","name":"Laser Game Ar\u00e9na P\u0159erov","description":"Dvoupatrov\u00e1 Laser Game Ar\u00e9na, Virtu\u00e1ln\u00ed realita, narozeninov\u00e9 oslavy, d\u011btstk\u00fd koutek, firemn\u00ed teambuilding, rozlu\u010dky se svobodou, V\u00e1no\u010dn\u00ed ve\u010d\u00edrky, \u0161koln\u00ed akce.","publisher":{"@id":"https:\/\/laserarenamlyn.eu\/#organization"},"potentialAction":[{"@type":"SearchAction","target":{"@type":"EntryPoint","urlTemplate":"https:\/\/laserarenamlyn.eu\/?s={search_term_string}"},"query-input":{"@type":"PropertyValueSpecification","valueRequired":true,"valueName":"search_term_string"}}],"inLanguage":"en-GB"},{"@type":"Organization","@id":"https:\/\/laserarenamlyn.eu\/#organization","name":"Laser Game Ar\u00e9na P\u0159erov","url":"https:\/\/laserarenamlyn.eu\/","logo":{"@type":"ImageObject","inLanguage":"en-GB","@id":"https:\/\/laserarenamlyn.eu\/#\/schema\/logo\/image\/","url":"https:\/\/laserarenamlyn.eu\/wp-content\/uploads\/2023\/02\/logo-kopie-1.png","contentUrl":"https:\/\/laserarenamlyn.eu\/wp-content\/uploads\/2023\/02\/logo-kopie-1.png","width":250,"height":236,"caption":"Laser Game Ar\u00e9na P\u0159erov"},"image":{"@id":"https:\/\/laserarenamlyn.eu\/#\/schema\/logo\/image\/"}}]}},"_links":{"self":[{"href":"https:\/\/laserarenamlyn.eu\/en\/wp-json\/wp\/v2\/pages\/3570","targetHints":{"allow":["GET"]}}],"collection":[{"href":"https:\/\/laserarenamlyn.eu\/en\/wp-json\/wp\/v2\/pages"}],"about":[{"href":"https:\/\/laserarenamlyn.eu\/en\/wp-json\/wp\/v2\/types\/page"}],"author":[{"embeddable":true,"href":"https:\/\/laserarenamlyn.eu\/en\/wp-json\/wp\/v2\/users\/1"}],"replies":[{"embeddable":true,"href":"https:\/\/laserarenamlyn.eu\/en\/wp-json\/wp\/v2\/comments?post=3570"}],"version-history":[{"count":57,"href":"https:\/\/laserarenamlyn.eu\/en\/wp-json\/wp\/v2\/pages\/3570\/revisions"}],"predecessor-version":[{"id":4429,"href":"https:\/\/laserarenamlyn.eu\/en\/wp-json\/wp\/v2\/pages\/3570\/revisions\/4429"}],"wp:featuredmedia":[{"embeddable":true,"href":"https:\/\/laserarenamlyn.eu\/en\/wp-json\/wp\/v2\/media\/3926"}],"wp:attachment":[{"href":"https:\/\/laserarenamlyn.eu\/en\/wp-json\/wp\/v2\/media?parent=3570"}],"curies":[{"name":"wp","href":"https:\/\/api.w.org\/{rel}","templated":true}]}}